{"id":3579,"date":"2023-05-21T22:41:47","date_gmt":"2023-05-22T01:41:47","guid":{"rendered":"https:\/\/fmbellavista.com.ar\/?page_id=3579"},"modified":"2023-05-21T22:41:47","modified_gmt":"2023-05-22T01:41:47","slug":"escucha-la-radio","status":"publish","type":"page","link":"https:\/\/radiobellavista.com.ar\/index.php\/radio-2\/escucha-la-radio\/","title":{"rendered":"Escucha la Radio"},"content":{"rendered":"<div class=\"radio_player\" data-player-type=\"shortcode\" data-data=\"eyJpZCI6MSwidGl0bGUiOiJSYWRpb0JlbGxhVmlzdGEgIiwic3RpY2t5IjpmYWxzZSwic3RhdHVzIjp0cnVlLCJza2luIjoic2tpbjgiLCJzdGF0aW9ucyI6W3sidGl0bGUiOiJSYWRpb0JlbGxhVmlzdGEiLCJzdHJlYW0iOiJodHRwOlwvXC9yYWRpb2JlbGxhdmlzdGEuYXI6ODAwMiIsInRodW1ibmFpbCI6Imh0dHBzOlwvXC9yYWRpb2JlbGxhdmlzdGEuYXJcL3dwLWNvbnRlbnRcL3VwbG9hZHNcLzIwMjRcLzA3XC9sb2dvLXJhZGlvLnBuZyIsInNvdXJjZV90eXBlIjoic3RyZWFtIn1dLCJwb3B1cF9pY29uIjp0cnVlLCJwbGF5bGlzdF9pY29uIjp0cnVlLCJoaXN0b3J5X2ljb24iOnRydWUsInZvbHVtZV9jb250cm9sIjp0cnVlLCJwbGF5ZXJfc3RhdHVzIjp0cnVlLCJzaG93X2FydGlzdCI6dHJ1ZSwic2hvd19hcnR3b3JrIjp0cnVlLCJwbGF5ZXJfdGV4dCI6Ikxpc3RlbiBMaXZlIiwid2lkdGgiOjM1MCwid2lkdGhfbW9iaWxlIjozMjAsImJvcmRlcl9yYWRpdXMiOjU5LCJiZ19jb2xvciI6ImxpbmVhci1ncmFkaWVudCgxNDMuNTNkZWcsICM4RDdERkUgMTEuMTYlLCAjNkZCOUZGIDk0LjA3JSkiLCJiZ19pbWFnZSI6Imh0dHBzOlwvXC9yYWRpb2JlbGxhdmlzdGEuYXJcL3dwLWNvbnRlbnRcL3BsdWdpbnNcL3JhZGlvLXBsYXllci1wcmVtaXVtXC9hc3NldHNcL2ltYWdlc1wvcGxheWVyLWJnLnBuZyIsImJnX3R5cGUiOiJpbWFnZSIsImNvbG9yX3R5cGUiOiJncmFkaWVudCIsInRleHRfY29sb3IiOiIjZmZmIiwiYm94X3NoYWRvdyI6dHJ1ZSwiYm94X3NoYWRvd19oIjoxMCwiYm94X3NoYWRvd192IjoxMCwiYm94X3NoYWRvd19ibHVyIjozLCJib3hfc2hhZG93X3NwcmVhZCI6LTMsImJveF9zaGFkb3dfY29sb3IiOiJyZ2JhKDEwLCAzNywgNjQsIDAuMzUpIiwiYm94X3NoYWRvd190eXBlIjoiIiwid2lkdGhfZGV2aWNlIjoiZGVza3RvcCIsInNob3dfdGl0bGUiOnRydWUsImRpc3BsYXlTY2hlZHVsZSI6ImFsd2F5cyIsImRhaWx5VGltZXMiOlt7InN0YXJ0VGltZSI6IjAwOjAwIiwiZW5kVGltZSI6IjIzOjU5In1dLCJhdXRvcGxheSI6dHJ1ZSwiZmFsbGJhY2tfdGl0bGUiOiJSYWRpb0JlbGxhVmlzdGEgU2llbXByZSBjb24gbGEgbWFzaWNhIHF1ZSBhIHZvcyB0ZSBndXN0YSIsInNob3dfcHJvZ3Jlc3NiYXIiOnRydWV9\"><\/div>\n","protected":false},"excerpt":{"rendered":"","protected":false},"author":1,"featured_media":0,"parent":185,"menu_order":0,"comment_status":"closed","ping_status":"closed","template":"","meta":{"_eb_attr":"","advanced_seo_description":"","jetpack_seo_html_title":"","jetpack_seo_noindex":false,"h5ap_radio_sources":[],"_joinchat":[],"footnotes":""},"class_list":["post-3579","page","type-page","status-publish","hentry"],"jetpack_sharing_enabled":true,"jetpack-related-posts":[{"id":25,"url":"https:\/\/radiobellavista.com.ar\/index.php\/radio\/","url_meta":{"origin":3579,"position":0},"title":"radio","author":"Administrador","date":"23 de abril de 2025","format":false,"excerpt":"","rel":"","context":"Entrada similar","block_context":{"text":"Entrada similar","link":""},"img":{"alt_text":"","src":"https:\/\/i0.wp.com\/radiobellavista.com.ar\/wp-content\/uploads\/2025\/04\/logo-radiobellavista.png?resize=350%2C200&ssl=1","width":350,"height":200},"classes":[]},{"id":185,"url":"https:\/\/radiobellavista.com.ar\/index.php\/radio-2\/","url_meta":{"origin":3579,"position":1},"title":"La Radio","author":"Administrador","date":"28 de septiembre de 2020","format":false,"excerpt":"Desde la Ciudad del Arbol con Toda la Musica que a Vos te Gusta","rel":"","context":"Entrada similar","block_context":{"text":"Entrada similar","link":""},"img":{"alt_text":"","src":"https:\/\/i0.wp.com\/www.appcreator24.com\/android-app-creator\/descargar_es.png?resize=350%2C200&ssl=1","width":350,"height":200},"classes":[]},{"id":3193,"url":"https:\/\/radiobellavista.com.ar\/index.php\/radio-2\/descarga_la_app\/","url_meta":{"origin":3579,"position":2},"title":"Descarga La App","author":"Administrador","date":"25 de julio de 2022","format":false,"excerpt":"RadioBellaVista te acompa\u00f1a con toda la m\u00fasica que vos quer\u00e9s volver a escuchar Si Estas Manejando, No utilices el celular ni otros aparatos que causan distracci\u00f3n y tensi\u00f3n al conducir. Ser Responsable Evita Accidentes","rel":"","context":"Entrada similar","block_context":{"text":"Entrada similar","link":""},"img":{"alt_text":"","src":"","width":0,"height":0},"classes":[]},{"id":4768,"url":"https:\/\/radiobellavista.com.ar\/index.php\/radio-2\/nuestra-programacion-2\/","url_meta":{"origin":3579,"position":3},"title":"Nuestra Programaci\u00f3n","author":"Administrador","date":"19 de junio de 2024","format":false,"excerpt":"","rel":"","context":"Entrada similar","block_context":{"text":"Entrada similar","link":""},"img":{"alt_text":"","src":"","width":0,"height":0},"classes":[]},{"id":58,"url":"https:\/\/radiobellavista.com.ar\/index.php\/radio-2\/auspiciantes\/","url_meta":{"origin":3579,"position":4},"title":"Auspiciantes","author":"Administrador","date":"11 de agosto de 2020","format":false,"excerpt":"Kiosco el AbueloDirecci\u00f3n: Cuenca 3047Villa Del Parque CABA Est\u00e9tica: Silvia Di BenedettoAv. Mattaldi 998 Bella VistaProvincia de Buenos AiresTel\u00e9fono: \u00a0\u00a0 011 4666-5744","rel":"","context":"Entrada similar","block_context":{"text":"Entrada similar","link":""},"img":{"alt_text":"","src":"https:\/\/i0.wp.com\/radiobellavista.com.ar\/wp-content\/uploads\/2024\/10\/kiosko-el-abuelo.jpg?resize=350%2C200&ssl=1","width":350,"height":200,"srcset":"https:\/\/i0.wp.com\/radiobellavista.com.ar\/wp-content\/uploads\/2024\/10\/kiosko-el-abuelo.jpg?resize=350%2C200&ssl=1 1x, https:\/\/i0.wp.com\/radiobellavista.com.ar\/wp-content\/uploads\/2024\/10\/kiosko-el-abuelo.jpg?resize=525%2C300&ssl=1 1.5x, https:\/\/i0.wp.com\/radiobellavista.com.ar\/wp-content\/uploads\/2024\/10\/kiosko-el-abuelo.jpg?resize=700%2C400&ssl=1 2x, https:\/\/i0.wp.com\/radiobellavista.com.ar\/wp-content\/uploads\/2024\/10\/kiosko-el-abuelo.jpg?resize=1050%2C600&ssl=1 3x"},"classes":[]},{"id":4897,"url":"https:\/\/radiobellavista.com.ar\/index.php\/comunidad-bvta\/","url_meta":{"origin":3579,"position":5},"title":"Comunidad RadioBellaVista","author":"Administrador","date":"1 de agosto de 2024","format":false,"excerpt":"Con el objetivo de apoyar a nuestra comunidad, hemos creado Este Espacio gratuito para promocionar comercios, pymes, talleres de artesanos y otros negocios locales. Para acceder, simplemente env\u00eda un mensaje de WhatsApp al 11-3805-2424. Solo necesitas agregar un logo y una breve descripci\u00f3n de tus servicios o productos. Esperamos que\u2026","rel":"","context":"Entrada similar","block_context":{"text":"Entrada similar","link":""},"img":{"alt_text":"","src":"https:\/\/i0.wp.com\/radiobellavista.com.ar\/wp-content\/uploads\/2024\/08\/logo-radio-1.png?resize=350%2C200","width":350,"height":200},"classes":[]}],"jetpack_shortlink":"https:\/\/wp.me\/Pgv48F-VJ","_links":{"self":[{"href":"https:\/\/radiobellavista.com.ar\/index.php\/wp-json\/wp\/v2\/pages\/3579","targetHints":{"allow":["GET"]}}],"collection":[{"href":"https:\/\/radiobellavista.com.ar\/index.php\/wp-json\/wp\/v2\/pages"}],"about":[{"href":"https:\/\/radiobellavista.com.ar\/index.php\/wp-json\/wp\/v2\/types\/page"}],"author":[{"embeddable":true,"href":"https:\/\/radiobellavista.com.ar\/index.php\/wp-json\/wp\/v2\/users\/1"}],"replies":[{"embeddable":true,"href":"https:\/\/radiobellavista.com.ar\/index.php\/wp-json\/wp\/v2\/comments?post=3579"}],"version-history":[{"count":0,"href":"https:\/\/radiobellavista.com.ar\/index.php\/wp-json\/wp\/v2\/pages\/3579\/revisions"}],"up":[{"embeddable":true,"href":"https:\/\/radiobellavista.com.ar\/index.php\/wp-json\/wp\/v2\/pages\/185"}],"wp:attachment":[{"href":"https:\/\/radiobellavista.com.ar\/index.php\/wp-json\/wp\/v2\/media?parent=3579"}],"curies":[{"name":"wp","href":"https:\/\/api.w.org\/{rel}","templated":true}]}}