{"id":4158,"date":"2020-11-17T06:59:50","date_gmt":"2020-11-17T09:59:50","guid":{"rendered":"http:\/\/fmbellavista.com.ar\/?page_id=2286"},"modified":"2020-11-17T06:59:50","modified_gmt":"2020-11-17T09:59:50","slug":"meteored","status":"publish","type":"page","link":"https:\/\/radiobellavista.com.ar\/index.php\/noticias\/meteored\/","title":{"rendered":"Estado del Tiempo"},"content":{"rendered":"\n<div id=\"cont_bb866a0fd74f18a58493b9cf8f4b1867\"><script type=\"text\/javascript\" async src=\"https:\/\/www.meteored.com.ar\/wid_loader\/bb866a0fd74f18a58493b9cf8f4b1867\"><\/script><\/div>\n","protected":false},"excerpt":{"rendered":"","protected":false},"author":1,"featured_media":0,"parent":340,"menu_order":0,"comment_status":"closed","ping_status":"closed","template":"","meta":{"_eb_attr":"","advanced_seo_description":"","jetpack_seo_html_title":"","jetpack_seo_noindex":false,"h5ap_radio_sources":[],"_joinchat":[],"footnotes":""},"class_list":["post-4158","page","type-page","status-publish","hentry"],"jetpack_sharing_enabled":true,"jetpack-related-posts":[{"id":5350,"url":"https:\/\/radiobellavista.com.ar\/index.php\/podcast\/fiestas-patrias\/","url_meta":{"origin":4158,"position":0},"title":"Fiestas Patrias","author":"Administrador","date":"3 de febrero de 2025","format":false,"excerpt":"El 25 de Febrero de 1778, nace en Yapey\u00fa el General Jos\u00e9 de San Mart\u00edn.Libertador de Sud Am\u00e9rica, luch\u00f3 por la libertad de su pueblo y su continente, promovi\u00f3 la igualdad entre todas las razas y libert\u00f3 medio continente. Fue el m\u00e1ximo h\u00e9roe de nuestra independencia del Imperio Espa\u00f1ol. Este\u2026","rel":"","context":"Entrada similar","block_context":{"text":"Entrada similar","link":""},"img":{"alt_text":"","src":"","width":0,"height":0},"classes":[]}],"jetpack_shortlink":"https:\/\/wp.me\/Pgv48F-154","_links":{"self":[{"href":"https:\/\/radiobellavista.com.ar\/index.php\/wp-json\/wp\/v2\/pages\/4158","targetHints":{"allow":["GET"]}}],"collection":[{"href":"https:\/\/radiobellavista.com.ar\/index.php\/wp-json\/wp\/v2\/pages"}],"about":[{"href":"https:\/\/radiobellavista.com.ar\/index.php\/wp-json\/wp\/v2\/types\/page"}],"author":[{"embeddable":true,"href":"https:\/\/radiobellavista.com.ar\/index.php\/wp-json\/wp\/v2\/users\/1"}],"replies":[{"embeddable":true,"href":"https:\/\/radiobellavista.com.ar\/index.php\/wp-json\/wp\/v2\/comments?post=4158"}],"version-history":[{"count":0,"href":"https:\/\/radiobellavista.com.ar\/index.php\/wp-json\/wp\/v2\/pages\/4158\/revisions"}],"up":[{"embeddable":true,"href":"https:\/\/radiobellavista.com.ar\/index.php\/wp-json\/wp\/v2\/pages\/340"}],"wp:attachment":[{"href":"https:\/\/radiobellavista.com.ar\/index.php\/wp-json\/wp\/v2\/media?parent=4158"}],"curies":[{"name":"wp","href":"https:\/\/api.w.org\/{rel}","templated":true}]}}