{"id":4341,"date":"2024-04-07T21:33:43","date_gmt":"2024-04-08T00:33:43","guid":{"rendered":"https:\/\/radiobellavista.ar\/?page_id=4341"},"modified":"2024-04-07T21:33:43","modified_gmt":"2024-04-08T00:33:43","slug":"farmacias","status":"publish","type":"page","link":"https:\/\/radiobellavista.com.ar\/index.php\/salud\/farmacias\/","title":{"rendered":"Farmacias"},"content":{"rendered":"\n<p class=\"has-vivid-cyan-blue-color has-text-color has-large-font-size\"><strong>San Miguel, Mu\u00f1iz y Bella Vista<\/strong><\/p>\n\n\n\n<figure class=\"wp-block-table is-style-stripes has-small-font-size\"><table class=\"has-black-color has-pale-cyan-blue-background-color has-text-color has-background\"><tbody><tr><td><strong>Yasutake<\/strong><br>Av. Ricchieri y Paran\u00e1, Bella Vista<\/td><td><strong>Pages<\/strong><br>Av. Per\u00f3n 78, Mu\u00f1iz<br>4451-0038<\/td><td><strong>Puerto Salud<\/strong><br>Av. Per\u00f3n 654, Mu\u00f1iz<\/td><\/tr><tr><td><strong>Irurzun<\/strong><br>Senador Mor\u00f3n 2259, Bella Vista<br>4668-3333<\/td><td><strong>Newkirk<\/strong><br>Av. Mattaldi 1183, Bella Vista<br>4666-1567<\/td><td><strong>Radium<\/strong><br>Av. Richieri 949, Bella Vista<\/td><\/tr><tr><td><strong>Ana SCS<\/strong><br>Av. Balb\u00edn y Fraga, San Miguel<\/td><td><strong>Muscolini<\/strong><br>Av. Per\u00f3n 1284, San Miguel<br>4667-3109<\/td><td><strong>Raspo San Miguel<\/strong><br>Av. Balb\u00edn 855, San Miguel<br>4664-9104<\/td><\/tr><tr><td><strong>Central Oeste<\/strong><br>Av. Per\u00f3n 1702, San Miguel<br>4664-4183<\/td><td><strong>Miyagi Naoko<\/strong><br>San Jos\u00e9 449, Mu\u00f1iz<br>4664-3989<\/td><td><strong>Rebalder\u00eda<\/strong><br>C\u00e9sar H. Malnatti 1437, San Miguel<br>5292-4253<\/td><\/tr><tr><td><strong>Ctrifarm<\/strong><br>Tribulato 546, San Miguel<br>2204-6506<\/td><td><strong>Mitre 90<\/strong><br>Av. Balb\u00edn 90, San Miguel<br>4451-4642<\/td><td><strong>Said<\/strong><br>Av. Per\u00f3n 1838, San Miguel<br>4664-2903<\/td><\/tr><tr><td><strong>Del Pueblo<\/strong><br>Av. Balb\u00edn y Sarmiento, San Miguel<br>4664-8090<\/td><td><strong>M&amp;A<\/strong><br>Av. San Mart\u00edn 1234, Bella Vista<br>4668-2607<\/td><td><strong>Sanfilippo<\/strong><br>R\u00edo Cuarto 2524 &#8211; Bella Vista<br>4666-8827<\/td><\/tr><tr><td><strong>Denker<\/strong><br>Senador Mor\u00f3n 801, Bella Vista<br>4666-9753<\/td><td><strong>Los Horneros Scs<\/strong><br>San Jos\u00e9 914, San Miguel<\/td><td><strong>Selva<\/strong><br>San Jos\u00e9 951, Mu\u00f1iz<\/td><\/tr><tr><td><strong>Di Bona<\/strong><br>Tribulato 998, San Miguel<br>4451-2321<\/td><td><strong>Legato<\/strong><br>Gaspar Campos 2303, Mu\u00f1iz<br>4451-5552<\/td><td><strong>Tamasso<\/strong><br>Las Heras 1171, Mu\u00f1iz<br>4667-0099<\/td><\/tr><tr><td><strong>Dinora<\/strong><br>Monteagudo 315, Mu\u00f1iz<\/td><td><strong>Ledesma<\/strong><br>Gaspar Campos 1506, Bella Vista<br>4666-4575<\/td><td><strong>Tell<\/strong><br>Av. Primera Junta 699, San Miguel<br>4451-9292<\/td><\/tr><tr><td><strong>Durandeu<\/strong><br>Av. Per\u00f3n 2312, San Miguel<br>4664-6638<\/td><td><strong>Lavorato<\/strong><br>Av. Balb\u00edn 855, San Miguel<\/td><td><strong>Tesoro<\/strong><br>Moine 1375, Bella Vista<br>4666-7117<\/td><\/tr><tr><td><strong>Elivam<\/strong><br>Tucum\u00e1n 850, Bella Vista<br>4666-1983<\/td><td><strong>Isis<\/strong><br>Av. Pte. Per\u00f3n 2594, San Miguel<\/td><td><strong>TKL San Miguel<\/strong><br>Av. Balb\u00edn 1181, San Miguel<br>4664-9418<\/td><\/tr><tr><td><strong>Farma Life<\/strong><br>Av. Mitre 855, San Miguel<\/td><td><\/td><td><\/td><\/tr><\/tbody><\/table><\/figure>\n","protected":false},"excerpt":{"rendered":"<p>San Miguel, Mu\u00f1iz y Bella Vista YasutakeAv. Ricchieri y Paran\u00e1, Bella Vista PagesAv. Per\u00f3n 78, Mu\u00f1iz4451-0038 Puerto SaludAv. Per\u00f3n 654, Mu\u00f1iz IrurzunSenador Mor\u00f3n 2259, Bella Vista4668-3333 NewkirkAv. Mattaldi 1183, Bella Vista4666-1567 RadiumAv. Richieri 949, Bella Vista Ana SCSAv. Balb\u00edn y Fraga, San Miguel MuscoliniAv. Per\u00f3n 1284, San Miguel4667-3109 Raspo San MiguelAv. Balb\u00edn 855, San Miguel4664-9104 [&hellip;]<\/p>\n","protected":false},"author":1,"featured_media":0,"parent":4337,"menu_order":0,"comment_status":"closed","ping_status":"closed","template":"","meta":{"_eb_attr":"","advanced_seo_description":"","jetpack_seo_html_title":"","jetpack_seo_noindex":false,"h5ap_radio_sources":[],"_joinchat":[],"footnotes":""},"class_list":["post-4341","page","type-page","status-publish","hentry"],"jetpack_sharing_enabled":true,"jetpack-related-posts":[{"id":4343,"url":"https:\/\/radiobellavista.com.ar\/index.php\/salud\/hospitales\/","url_meta":{"origin":4341,"position":0},"title":"Hospitales","author":"Administrador","date":"7 de abril de 2024","format":false,"excerpt":"Hospital Dr. Ra\u00fal F. LarcadeAv Pres. Juan Domingo Per\u00f3n 23116091-7135 Hospital San Miguel Arc\u00e1ngelMattaldi 1057 Bella Vista4666-3151Lab: 4666-5669Consultorios Externos 6091-7133 Hospital Santa Mar\u00edaDefensa y Balb\u00ednDe 24hs hs","rel":"","context":"Entrada similar","block_context":{"text":"Entrada similar","link":""},"img":{"alt_text":"","src":"","width":0,"height":0},"classes":[]},{"id":4345,"url":"https:\/\/radiobellavista.com.ar\/index.php\/salud\/centros-de-atencion-primaria\/","url_meta":{"origin":4341,"position":1},"title":"Centros de Atenci\u00f3n Primaria","author":"Administrador","date":"7 de abril de 2024","format":false,"excerpt":"20 de JulioALVEAR 1889 El Colibr\u00ed6091-7100 int 4802De lunes a viernes 08 a 14 hs 29 de SeptiembreArricau y Cruz del sur Sta. Br\u00edgida6091-7100 int 4803De lunes a viernes 08 a 16 hs Ana Teresa Barthalot (BV Norte)SCOTT 771 ESQ. MISIONES Bella Vista6091-7100 int 4804De Lunes a viernes 08 a\u2026","rel":"","context":"Entrada similar","block_context":{"text":"Entrada similar","link":""},"img":{"alt_text":"","src":"","width":0,"height":0},"classes":[]},{"id":4410,"url":"https:\/\/radiobellavista.com.ar\/index.php\/telefonos-utiles\/policia-bonaerense\/malvinas-argentinas\/","url_meta":{"origin":4341,"position":2},"title":"MALVINAS ARGENTINAS","author":"Administrador","date":"7 de abril de 2024","format":false,"excerpt":"DEPENDENCIATEL\u00c9FONODIRECCI\u00d3NComisar\u00eda Malvinas Argentinas 1\u00b0\u00a0\u00a002320 - 480171\/ 485600Jos\u00e9 de San Mart\u00edn N\u00b0 1674Grand Bourg, Malvinas Argentinas\u00a0Comisar\u00eda Malvinas Argentinas 2\u00b0\u00a0\u00a0011 - 44560198\/ 0227\/ 0053Perito Moreno N\u00b0 3181Los Polvorines, Malvinas Argentinas\u00a0\u00a0Comisar\u00eda Malvinas Argentinas 3\u00b0\u00a0\u00a002320 - 480260\/ 486191Ej\u00e9rcito de los Andes N\u00b0 2244Pablo Nogu\u00e9s, Malvinas Argentinas\u00a0Comisar\u00eda Malvinas Argentinas 4\u00b0\u00a0\u00a002320 - 491011\/ 495000Per\u00f3n N\u00b0 181Tortuguitas,\u2026","rel":"","context":"Entrada similar","block_context":{"text":"Entrada similar","link":""},"img":{"alt_text":"","src":"","width":0,"height":0},"classes":[]},{"id":4339,"url":"https:\/\/radiobellavista.com.ar\/index.php\/salud\/centros-de-atencion-especializada\/","url_meta":{"origin":4341,"position":3},"title":"Centros de Atenci\u00f3n Especializada","author":"Administrador","date":"7 de abril de 2024","format":false,"excerpt":"Centro Odontol\u00f3gico \u2013 CAPS M. AntoniazziIrigoin 4410 Barrio Sarmiento6091-7100 int 4814 Hospital Oftalmol\u00f3gico \u2013 Odontol\u00f3gico Central de San MiguelAv. Pte. Per\u00f3n 403 esq. Alberdi Mu\u00f1iz4664-0658 (Odontolog\u00eda) 4664-0371 (Oftalmolog\u00eda)De Lun a vier 08 a 16 hs Hospital Oftalmol\u00f3gico Municipal Mons. BarbichMTRO. FERREYRA 1791 ESQ ESPA\u00d1A Parque la Gloria4465-5552De Lun a vier\u2026","rel":"","context":"Entrada similar","block_context":{"text":"Entrada similar","link":""},"img":{"alt_text":"","src":"","width":0,"height":0},"classes":[]},{"id":4542,"url":"https:\/\/radiobellavista.com.ar\/index.php\/telefonos-utiles\/4542-2\/","url_meta":{"origin":4341,"position":4},"title":"Bomberos Voluntarios","author":"Administrador","date":"9 de abril de 2024","format":false,"excerpt":"Bomberos Gral SarmientoAvenida Presidente Per\u00f3n 1644Guardia: 4664-2222Administraci\u00f3n: 4664-7032Jefatura: 4664-5779Destacamento 1Avenida Remigio Lopez 2551 - Tel: 25514455-2222 Bomberos Voluntarios de Jos\u00e9 C. PazDirecci\u00f3n: San Agust\u00edn 703, Jos\u00e9 C. PazTel\u00e9fono: 02320 42-2222whatsapp: 1156615900 Bomberos Voluntarios Los PolvorinesPerito Moreno 3502, Villa de Mayo Bomberos Voluntarios de Malvinas ArgentinasJ. C. Baroni N\u00ba 2684 Los\u2026","rel":"","context":"Entrada similar","block_context":{"text":"Entrada similar","link":""},"img":{"alt_text":"","src":"","width":0,"height":0},"classes":[]},{"id":4857,"url":"https:\/\/radiobellavista.com.ar\/index.php\/comercios\/","url_meta":{"origin":4341,"position":5},"title":"Comunidad RadioBellaVista.","author":"Administrador","date":"31 de julio de 2024","format":false,"excerpt":"RadioBellaVista con motivo de ayudar a nuestra comunidad generamos este Espacio. Si sos due\u00f1o de un Comercio.Podes darte de alta enviando un WhatsApp con tus datos al 11 3805-2424 Centro de est\u00e9tica Silvia di Benedetto masajes descontracturantes, relajantes, dermopigmentacion en cejas ojos y labios. Avenida Mattaldi 998 , Bella Vista\u2026","rel":"","context":"Entrada similar","block_context":{"text":"Entrada similar","link":""},"img":{"alt_text":"","src":"https:\/\/i0.wp.com\/radiobellavista.com.ar\/wp-content\/uploads\/2024\/07\/pao-sublimacion.png?resize=350%2C200&ssl=1","width":350,"height":200,"srcset":"https:\/\/i0.wp.com\/radiobellavista.com.ar\/wp-content\/uploads\/2024\/07\/pao-sublimacion.png?resize=350%2C200&ssl=1 1x, https:\/\/i0.wp.com\/radiobellavista.com.ar\/wp-content\/uploads\/2024\/07\/pao-sublimacion.png?resize=525%2C300&ssl=1 1.5x, https:\/\/i0.wp.com\/radiobellavista.com.ar\/wp-content\/uploads\/2024\/07\/pao-sublimacion.png?resize=700%2C400&ssl=1 2x, https:\/\/i0.wp.com\/radiobellavista.com.ar\/wp-content\/uploads\/2024\/07\/pao-sublimacion.png?resize=1050%2C600&ssl=1 3x"},"classes":[]}],"jetpack_shortlink":"https:\/\/wp.me\/Pgv48F-181","_links":{"self":[{"href":"https:\/\/radiobellavista.com.ar\/index.php\/wp-json\/wp\/v2\/pages\/4341","targetHints":{"allow":["GET"]}}],"collection":[{"href":"https:\/\/radiobellavista.com.ar\/index.php\/wp-json\/wp\/v2\/pages"}],"about":[{"href":"https:\/\/radiobellavista.com.ar\/index.php\/wp-json\/wp\/v2\/types\/page"}],"author":[{"embeddable":true,"href":"https:\/\/radiobellavista.com.ar\/index.php\/wp-json\/wp\/v2\/users\/1"}],"replies":[{"embeddable":true,"href":"https:\/\/radiobellavista.com.ar\/index.php\/wp-json\/wp\/v2\/comments?post=4341"}],"version-history":[{"count":0,"href":"https:\/\/radiobellavista.com.ar\/index.php\/wp-json\/wp\/v2\/pages\/4341\/revisions"}],"up":[{"embeddable":true,"href":"https:\/\/radiobellavista.com.ar\/index.php\/wp-json\/wp\/v2\/pages\/4337"}],"wp:attachment":[{"href":"https:\/\/radiobellavista.com.ar\/index.php\/wp-json\/wp\/v2\/media?parent=4341"}],"curies":[{"name":"wp","href":"https:\/\/api.w.org\/{rel}","templated":true}]}}