{"id":4343,"date":"2024-04-07T21:35:53","date_gmt":"2024-04-08T00:35:53","guid":{"rendered":"https:\/\/radiobellavista.ar\/?page_id=4343"},"modified":"2024-04-07T21:35:53","modified_gmt":"2024-04-08T00:35:53","slug":"hospitales","status":"publish","type":"page","link":"https:\/\/radiobellavista.com.ar\/index.php\/salud\/hospitales\/","title":{"rendered":"Hospitales"},"content":{"rendered":"\n<p class=\"has-light-green-cyan-background-color has-text-color has-background\" style=\"color:#f40b0b\"><strong><em>Hospital Dr. Ra\u00fal F. Larcade<br>Av Pres. Juan Domingo Per\u00f3n 2311<br>6091-7135<\/em><\/strong><\/p>\n\n\n\n<p class=\"has-light-green-cyan-background-color has-text-color has-background\" style=\"color:#f40b0b\"><strong><em>Hospital San Miguel Arc\u00e1ngel<br>Mattaldi 1057 Bella Vista<br>4666-3151<br>Lab: 4666-5669<br>Consultorios Externos 6091-7133<\/em><\/strong><\/p>\n\n\n\n<p class=\"has-light-green-cyan-background-color has-text-color has-background\" style=\"color:#f40b0b\"><strong><em>Hospital Santa Mar\u00eda<br>Defensa y Balb\u00edn<br>De 24hs hs<\/em><\/strong><\/p>\n","protected":false},"excerpt":{"rendered":"<p>Hospital Dr. Ra\u00fal F. LarcadeAv Pres. Juan Domingo Per\u00f3n 23116091-7135 Hospital San Miguel Arc\u00e1ngelMattaldi 1057 Bella Vista4666-3151Lab: 4666-5669Consultorios Externos 6091-7133 Hospital Santa Mar\u00edaDefensa y Balb\u00ednDe 24hs hs<\/p>\n","protected":false},"author":1,"featured_media":0,"parent":4337,"menu_order":0,"comment_status":"closed","ping_status":"closed","template":"","meta":{"_eb_attr":"","advanced_seo_description":"","jetpack_seo_html_title":"","jetpack_seo_noindex":false,"h5ap_radio_sources":[],"_joinchat":[],"footnotes":""},"class_list":["post-4343","page","type-page","status-publish","hentry"],"jetpack_sharing_enabled":true,"jetpack-related-posts":[{"id":4465,"url":"https:\/\/radiobellavista.com.ar\/index.php\/salud\/mapa-hospitales\/","url_meta":{"origin":4343,"position":0},"title":"Mapa Hospitales","author":"Administrador","date":"8 de abril de 2024","format":false,"excerpt":"","rel":"","context":"Entrada similar","block_context":{"text":"Entrada similar","link":""},"img":{"alt_text":"","src":"","width":0,"height":0},"classes":[]},{"id":4339,"url":"https:\/\/radiobellavista.com.ar\/index.php\/salud\/centros-de-atencion-especializada\/","url_meta":{"origin":4343,"position":1},"title":"Centros de Atenci\u00f3n Especializada","author":"Administrador","date":"7 de abril de 2024","format":false,"excerpt":"Centro Odontol\u00f3gico \u2013 CAPS M. AntoniazziIrigoin 4410 Barrio Sarmiento6091-7100 int 4814 Hospital Oftalmol\u00f3gico \u2013 Odontol\u00f3gico Central de San MiguelAv. Pte. Per\u00f3n 403 esq. Alberdi Mu\u00f1iz4664-0658 (Odontolog\u00eda) 4664-0371 (Oftalmolog\u00eda)De Lun a vier 08 a 16 hs Hospital Oftalmol\u00f3gico Municipal Mons. BarbichMTRO. FERREYRA 1791 ESQ ESPA\u00d1A Parque la Gloria4465-5552De Lun a vier\u2026","rel":"","context":"Entrada similar","block_context":{"text":"Entrada similar","link":""},"img":{"alt_text":"","src":"","width":0,"height":0},"classes":[]}],"jetpack_shortlink":"https:\/\/wp.me\/Pgv48F-183","_links":{"self":[{"href":"https:\/\/radiobellavista.com.ar\/index.php\/wp-json\/wp\/v2\/pages\/4343","targetHints":{"allow":["GET"]}}],"collection":[{"href":"https:\/\/radiobellavista.com.ar\/index.php\/wp-json\/wp\/v2\/pages"}],"about":[{"href":"https:\/\/radiobellavista.com.ar\/index.php\/wp-json\/wp\/v2\/types\/page"}],"author":[{"embeddable":true,"href":"https:\/\/radiobellavista.com.ar\/index.php\/wp-json\/wp\/v2\/users\/1"}],"replies":[{"embeddable":true,"href":"https:\/\/radiobellavista.com.ar\/index.php\/wp-json\/wp\/v2\/comments?post=4343"}],"version-history":[{"count":0,"href":"https:\/\/radiobellavista.com.ar\/index.php\/wp-json\/wp\/v2\/pages\/4343\/revisions"}],"up":[{"embeddable":true,"href":"https:\/\/radiobellavista.com.ar\/index.php\/wp-json\/wp\/v2\/pages\/4337"}],"wp:attachment":[{"href":"https:\/\/radiobellavista.com.ar\/index.php\/wp-json\/wp\/v2\/media?parent=4343"}],"curies":[{"name":"wp","href":"https:\/\/api.w.org\/{rel}","templated":true}]}}