{"id":4349,"date":"2024-04-07T21:40:24","date_gmt":"2024-04-08T00:40:24","guid":{"rendered":"https:\/\/radiobellavista.ar\/?page_id=4349"},"modified":"2024-04-07T21:40:24","modified_gmt":"2024-04-08T00:40:24","slug":"mapa-de-farmacias-en-san-miguel","status":"publish","type":"page","link":"https:\/\/radiobellavista.com.ar\/index.php\/salud\/mapa-de-farmacias-en-san-miguel\/","title":{"rendered":"Mapa de Farmacias en San Miguel"},"content":{"rendered":"\n<iframe src=\"https:\/\/www.google.com\/maps\/embed?pb=!1m12!1m8!1m3!1d26290.099941378543!2d-58.7133426!3d-34.5469087!3m2!1i1024!2i768!4f13.1!2m1!1sPharmacias%20san%20miguel!5e0!3m2!1ses-419!2sar!4v1688567067901!5m2!1ses-419!2sar\" width=\"600\" height=\"450\" style=\"border:0;\" allowfullscreen=\"\" loading=\"lazy\" referrerpolicy=\"no-referrer-when-downgrade\"><\/iframe>\n","protected":false},"excerpt":{"rendered":"","protected":false},"author":1,"featured_media":0,"parent":4337,"menu_order":0,"comment_status":"closed","ping_status":"closed","template":"","meta":{"_eb_attr":"","advanced_seo_description":"","jetpack_seo_html_title":"","jetpack_seo_noindex":false,"h5ap_radio_sources":[],"_joinchat":[],"footnotes":""},"class_list":["post-4349","page","type-page","status-publish","hentry"],"jetpack_sharing_enabled":true,"jetpack-related-posts":[{"id":4341,"url":"https:\/\/radiobellavista.com.ar\/index.php\/salud\/farmacias\/","url_meta":{"origin":4349,"position":0},"title":"Farmacias","author":"Administrador","date":"7 de abril de 2024","format":false,"excerpt":"San Miguel, Mu\u00f1iz y Bella Vista YasutakeAv. Ricchieri y Paran\u00e1, Bella VistaPagesAv. Per\u00f3n 78, Mu\u00f1iz4451-0038Puerto SaludAv. Per\u00f3n 654, Mu\u00f1izIrurzunSenador Mor\u00f3n 2259, Bella Vista4668-3333NewkirkAv. Mattaldi 1183, Bella Vista4666-1567RadiumAv. Richieri 949, Bella VistaAna SCSAv. Balb\u00edn y Fraga, San MiguelMuscoliniAv. Per\u00f3n 1284, San Miguel4667-3109Raspo San MiguelAv. Balb\u00edn 855, San Miguel4664-9104Central OesteAv. Per\u00f3n 1702,\u2026","rel":"","context":"Entrada similar","block_context":{"text":"Entrada similar","link":""},"img":{"alt_text":"","src":"","width":0,"height":0},"classes":[]},{"id":4399,"url":"https:\/\/radiobellavista.com.ar\/index.php\/telefonos-utiles\/policia-bonaerense\/san-miguel\/","url_meta":{"origin":4349,"position":1},"title":"SAN MIGUEL","author":"Administrador","date":"7 de abril de 2024","format":false,"excerpt":"DEPENDENCIATEL\u00c9FONODIRECCI\u00d3NComisar\u00eda San Miguel 1\u00b0\u00a0\u00a0011 - 46649333\/ 46644494Alem N\u00b0 1857 y Espa\u00f1aSan MiguelComisar\u00eda San Miguel 2\u00b0\u00a0\u00a0011 - 46667412San Mart\u00edn N\u00b0 1928Bella Vista, San MiguelComisar\u00eda San Miguel 3\u00b0\u00a0011 - 44557771\/ 72Irigoin N\u00b0 4480San Miguel Oeste, San Miguel\u00a0","rel":"","context":"Entrada similar","block_context":{"text":"Entrada similar","link":""},"img":{"alt_text":"","src":"","width":0,"height":0},"classes":[]},{"id":4339,"url":"https:\/\/radiobellavista.com.ar\/index.php\/salud\/centros-de-atencion-especializada\/","url_meta":{"origin":4349,"position":2},"title":"Centros de Atenci\u00f3n Especializada","author":"Administrador","date":"7 de abril de 2024","format":false,"excerpt":"Centro Odontol\u00f3gico \u2013 CAPS M. AntoniazziIrigoin 4410 Barrio Sarmiento6091-7100 int 4814 Hospital Oftalmol\u00f3gico \u2013 Odontol\u00f3gico Central de San MiguelAv. Pte. Per\u00f3n 403 esq. Alberdi Mu\u00f1iz4664-0658 (Odontolog\u00eda) 4664-0371 (Oftalmolog\u00eda)De Lun a vier 08 a 16 hs Hospital Oftalmol\u00f3gico Municipal Mons. BarbichMTRO. FERREYRA 1791 ESQ ESPA\u00d1A Parque la Gloria4465-5552De Lun a vier\u2026","rel":"","context":"Entrada similar","block_context":{"text":"Entrada similar","link":""},"img":{"alt_text":"","src":"","width":0,"height":0},"classes":[]},{"id":4343,"url":"https:\/\/radiobellavista.com.ar\/index.php\/salud\/hospitales\/","url_meta":{"origin":4349,"position":3},"title":"Hospitales","author":"Administrador","date":"7 de abril de 2024","format":false,"excerpt":"Hospital Dr. Ra\u00fal F. LarcadeAv Pres. Juan Domingo Per\u00f3n 23116091-7135 Hospital San Miguel Arc\u00e1ngelMattaldi 1057 Bella Vista4666-3151Lab: 4666-5669Consultorios Externos 6091-7133 Hospital Santa Mar\u00edaDefensa y Balb\u00ednDe 24hs hs","rel":"","context":"Entrada similar","block_context":{"text":"Entrada similar","link":""},"img":{"alt_text":"","src":"","width":0,"height":0},"classes":[]},{"id":5350,"url":"https:\/\/radiobellavista.com.ar\/index.php\/podcast\/fiestas-patrias\/","url_meta":{"origin":4349,"position":4},"title":"Fiestas Patrias","author":"Administrador","date":"3 de febrero de 2025","format":false,"excerpt":"El 25 de Febrero de 1778, nace en Yapey\u00fa el General Jos\u00e9 de San Mart\u00edn.Libertador de Sud Am\u00e9rica, luch\u00f3 por la libertad de su pueblo y su continente, promovi\u00f3 la igualdad entre todas las razas y libert\u00f3 medio continente. Fue el m\u00e1ximo h\u00e9roe de nuestra independencia del Imperio Espa\u00f1ol. Este\u2026","rel":"","context":"Entrada similar","block_context":{"text":"Entrada similar","link":""},"img":{"alt_text":"","src":"","width":0,"height":0},"classes":[]},{"id":5064,"url":"https:\/\/radiobellavista.com.ar\/index.php\/podcast\/fiestas-patrias\/homenaje-al-gral-martin-miguel-de-guemes\/","url_meta":{"origin":4349,"position":5},"title":"Homenaje al Gral Mart\u00edn Miguel de Guemes","author":"Administrador","date":"22 de agosto de 2024","format":false,"excerpt":"","rel":"","context":"Entrada similar","block_context":{"text":"Entrada similar","link":""},"img":{"alt_text":"","src":"https:\/\/i0.wp.com\/radiobellavista.com.ar\/wp-content\/uploads\/2024\/08\/06-16-guemes.jpg?resize=350%2C200&ssl=1","width":350,"height":200,"srcset":"https:\/\/i0.wp.com\/radiobellavista.com.ar\/wp-content\/uploads\/2024\/08\/06-16-guemes.jpg?resize=350%2C200&ssl=1 1x, https:\/\/i0.wp.com\/radiobellavista.com.ar\/wp-content\/uploads\/2024\/08\/06-16-guemes.jpg?resize=525%2C300&ssl=1 1.5x"},"classes":[]}],"jetpack_shortlink":"https:\/\/wp.me\/Pgv48F-189","_links":{"self":[{"href":"https:\/\/radiobellavista.com.ar\/index.php\/wp-json\/wp\/v2\/pages\/4349","targetHints":{"allow":["GET"]}}],"collection":[{"href":"https:\/\/radiobellavista.com.ar\/index.php\/wp-json\/wp\/v2\/pages"}],"about":[{"href":"https:\/\/radiobellavista.com.ar\/index.php\/wp-json\/wp\/v2\/types\/page"}],"author":[{"embeddable":true,"href":"https:\/\/radiobellavista.com.ar\/index.php\/wp-json\/wp\/v2\/users\/1"}],"replies":[{"embeddable":true,"href":"https:\/\/radiobellavista.com.ar\/index.php\/wp-json\/wp\/v2\/comments?post=4349"}],"version-history":[{"count":0,"href":"https:\/\/radiobellavista.com.ar\/index.php\/wp-json\/wp\/v2\/pages\/4349\/revisions"}],"up":[{"embeddable":true,"href":"https:\/\/radiobellavista.com.ar\/index.php\/wp-json\/wp\/v2\/pages\/4337"}],"wp:attachment":[{"href":"https:\/\/radiobellavista.com.ar\/index.php\/wp-json\/wp\/v2\/media?parent=4349"}],"curies":[{"name":"wp","href":"https:\/\/api.w.org\/{rel}","templated":true}]}}