{"id":4402,"date":"2024-04-07T23:34:05","date_gmt":"2024-04-08T02:34:05","guid":{"rendered":"https:\/\/radiobellavista.ar\/?page_id=4402"},"modified":"2024-04-07T23:34:05","modified_gmt":"2024-04-08T02:34:05","slug":"policia-bonaerense","status":"publish","type":"page","link":"https:\/\/radiobellavista.com.ar\/index.php\/telefonos-utiles\/policia-bonaerense\/","title":{"rendered":"Polic\u00eda Bonaerense"},"content":{"rendered":"<div class=\"wp-block-image\">\n<figure class=\"alignleft size-full is-resized\"><img data-recalc-dims=\"1\" decoding=\"async\" src=\"https:\/\/i0.wp.com\/radiobellavista.ar\/wp-content\/uploads\/2024\/04\/Policia_bonaer_emblem.png?w=656&#038;ssl=1\" alt=\"\" class=\"wp-image-4633\" style=\"width:132px;height:auto\"\/><\/figure>\n<\/div>\n\n\n<p><\/p>\n\n\n\n<p><strong>Ministerio de Seguridad de la Provincia de Buenos Aires<\/strong><br>Direcci\u00f3n: Calle 2 entre Av. 51 y 53. La Plata, Buenos Aires- Argentina<br>Tel\u00e9fono: (+54) 221 429-3000<\/p>\n\n\n\n<h2 class=\"wp-block-heading\"><a href=\"http:\/\/www.gba.gov.ar\" target=\"_blank\" rel=\"noreferrer noopener\"><\/a><\/h2>\n\n\n","protected":false},"excerpt":{"rendered":"<p>Ministerio de Seguridad de la Provincia de Buenos AiresDirecci\u00f3n: Calle 2 entre Av. 51 y 53. La Plata, Buenos Aires- ArgentinaTel\u00e9fono: (+54) 221 429-3000<\/p>\n","protected":false},"author":1,"featured_media":0,"parent":4375,"menu_order":0,"comment_status":"closed","ping_status":"closed","template":"","meta":{"_eb_attr":"","advanced_seo_description":"","jetpack_seo_html_title":"","jetpack_seo_noindex":false,"h5ap_radio_sources":[],"_joinchat":[],"footnotes":""},"class_list":["post-4402","page","type-page","status-publish","hentry"],"jetpack_sharing_enabled":true,"jetpack-related-posts":[{"id":4483,"url":"https:\/\/radiobellavista.com.ar\/index.php\/telefonos-utiles\/policial-federal\/departamento-central-policia-federal-argentina\/","url_meta":{"origin":4402,"position":0},"title":"Departamento Central Polic\u00eda Federal Argentina","author":"Administrador","date":"8 de abril de 2024","format":false,"excerpt":"El edificio del Departamento Central de la Polic\u00eda Federal Argentina es la sede de ese cuerpo policial, situado en el barrio de Montserrat, perteneciente a la comuna 1 de la Ciudad Aut\u00f3noma de Buenos Aires, Argentina. Direcci\u00f3n: Moreno 1502, C1093 Cdad. Aut\u00f3noma de Buenos Aires Tel\u00e9fono: 011 4370-5800","rel":"","context":"Entrada similar","block_context":{"text":"Entrada similar","link":""},"img":{"alt_text":"","src":"","width":0,"height":0},"classes":[]},{"id":58,"url":"https:\/\/radiobellavista.com.ar\/index.php\/radio-2\/auspiciantes\/","url_meta":{"origin":4402,"position":1},"title":"Auspiciantes","author":"Administrador","date":"11 de agosto de 2020","format":false,"excerpt":"Kiosco el AbueloDirecci\u00f3n: Cuenca 3047Villa Del Parque CABA Est\u00e9tica: Silvia Di BenedettoAv. Mattaldi 998 Bella VistaProvincia de Buenos AiresTel\u00e9fono: \u00a0\u00a0 011 4666-5744","rel":"","context":"Entrada similar","block_context":{"text":"Entrada similar","link":""},"img":{"alt_text":"","src":"https:\/\/i0.wp.com\/radiobellavista.com.ar\/wp-content\/uploads\/2024\/10\/kiosko-el-abuelo.jpg?resize=350%2C200&ssl=1","width":350,"height":200,"srcset":"https:\/\/i0.wp.com\/radiobellavista.com.ar\/wp-content\/uploads\/2024\/10\/kiosko-el-abuelo.jpg?resize=350%2C200&ssl=1 1x, https:\/\/i0.wp.com\/radiobellavista.com.ar\/wp-content\/uploads\/2024\/10\/kiosko-el-abuelo.jpg?resize=525%2C300&ssl=1 1.5x, https:\/\/i0.wp.com\/radiobellavista.com.ar\/wp-content\/uploads\/2024\/10\/kiosko-el-abuelo.jpg?resize=700%2C400&ssl=1 2x, https:\/\/i0.wp.com\/radiobellavista.com.ar\/wp-content\/uploads\/2024\/10\/kiosko-el-abuelo.jpg?resize=1050%2C600&ssl=1 3x"},"classes":[]},{"id":4480,"url":"https:\/\/radiobellavista.com.ar\/index.php\/telefonos-utiles\/policial-federal\/delegaciones-buenos-aires-p-f-a\/","url_meta":{"origin":4402,"position":2},"title":"Delegaciones Buenos Aires  P.F.A","author":"Administrador","date":"8 de abril de 2024","format":false,"excerpt":"Delegaci\u00f3nTel\u00e9fonoCorreo electr\u00f3nicoDirecci\u00f3nPinamar02293-428-219 \/ 02293-428-468pinamar@policiafederal.gov.arDe las Medusas 1609, Pinamar, Pcia. de Bs. As.Mar del Plata0223-451-7909 \/ 8863 0223-451-6425del_mardelplata@policiafederal .gov.arSarmiento 2551, Mar del Plata, Prov. de Bs. As.Dolores02245-440-822\/ 443-339dolores@policiafederal.gov.arCastelli 174, Dolores, Prov. de Bs. As.Bah\u00eda Blanca0291-452-0050 \/ 0291-452-5397del_bahiablanca@policiafederal. gov.arRondeau 139, Bah\u00eda Blanca, Prov.de Bs. As.Azul02281-426-130\/ 02281-424-247Belgrano 433, Azul, Prov. de Bs. As.Pergamino02477-428-412\u2026","rel":"","context":"Entrada similar","block_context":{"text":"Entrada similar","link":""},"img":{"alt_text":"","src":"","width":0,"height":0},"classes":[]},{"id":4406,"url":"https:\/\/radiobellavista.com.ar\/index.php\/telefonos-utiles\/policia-bonaerense\/san-martin\/","url_meta":{"origin":4402,"position":3},"title":"SAN MART\u00cdN","author":"Administrador","date":"7 de abril de 2024","format":false,"excerpt":"DEPENDENCIATEL\u00c9FONODIRECCI\u00d3NComisar\u00eda San Mart\u00edn 1\u00b0\u00a0\u00a0011 - 45126086\/ 6055\/ 6706\/ 6707Ricardo Balb\u00edn N\u00b0 2055San Mart\u00ednComisar\u00eda San Mart\u00edn 2\u00b0\u00a0\u00a0011 - 45125545\/ 46\/ 49Bvar. Ballester N\u00b0 140Villa Ballester, San Mart\u00ednComisar\u00eda San Mart\u00edn 3\u00b0\u00a0011 \u2013 45126093\/ 88\/ 6705Guido Spano N\u00b0 223Villa Lynch, San Mart\u00edn\u00a0Comisar\u00eda San Mart\u00edn 4\u00b0\u00a0\u00a0011 - 45801155\/ 1156\u00a0Av. M\u00e1rquez N\u00b0 400Jos\u00e9 Le\u00f3n Su\u00e1rez,\u2026","rel":"","context":"Entrada similar","block_context":{"text":"Entrada similar","link":""},"img":{"alt_text":"","src":"","width":0,"height":0},"classes":[]}],"jetpack_shortlink":"https:\/\/wp.me\/Pgv48F-190","_links":{"self":[{"href":"https:\/\/radiobellavista.com.ar\/index.php\/wp-json\/wp\/v2\/pages\/4402","targetHints":{"allow":["GET"]}}],"collection":[{"href":"https:\/\/radiobellavista.com.ar\/index.php\/wp-json\/wp\/v2\/pages"}],"about":[{"href":"https:\/\/radiobellavista.com.ar\/index.php\/wp-json\/wp\/v2\/types\/page"}],"author":[{"embeddable":true,"href":"https:\/\/radiobellavista.com.ar\/index.php\/wp-json\/wp\/v2\/users\/1"}],"replies":[{"embeddable":true,"href":"https:\/\/radiobellavista.com.ar\/index.php\/wp-json\/wp\/v2\/comments?post=4402"}],"version-history":[{"count":0,"href":"https:\/\/radiobellavista.com.ar\/index.php\/wp-json\/wp\/v2\/pages\/4402\/revisions"}],"up":[{"embeddable":true,"href":"https:\/\/radiobellavista.com.ar\/index.php\/wp-json\/wp\/v2\/pages\/4375"}],"wp:attachment":[{"href":"https:\/\/radiobellavista.com.ar\/index.php\/wp-json\/wp\/v2\/media?parent=4402"}],"curies":[{"name":"wp","href":"https:\/\/api.w.org\/{rel}","templated":true}]}}