{"id":4404,"date":"2024-04-07T23:35:01","date_gmt":"2024-04-08T02:35:01","guid":{"rendered":"https:\/\/radiobellavista.ar\/?page_id=4404"},"modified":"2024-04-07T23:35:01","modified_gmt":"2024-04-08T02:35:01","slug":"policial-federal","status":"publish","type":"page","link":"https:\/\/radiobellavista.com.ar\/index.php\/telefonos-utiles\/policial-federal\/","title":{"rendered":"Policial Federal"},"content":{"rendered":"","protected":false},"excerpt":{"rendered":"","protected":false},"author":1,"featured_media":0,"parent":4375,"menu_order":0,"comment_status":"closed","ping_status":"closed","template":"","meta":{"_eb_attr":"","advanced_seo_description":"","jetpack_seo_html_title":"","jetpack_seo_noindex":false,"h5ap_radio_sources":[],"_joinchat":[],"footnotes":""},"class_list":["post-4404","page","type-page","status-publish","hentry"],"jetpack_sharing_enabled":true,"jetpack-related-posts":[{"id":4483,"url":"https:\/\/radiobellavista.com.ar\/index.php\/telefonos-utiles\/policial-federal\/departamento-central-policia-federal-argentina\/","url_meta":{"origin":4404,"position":0},"title":"Departamento Central Polic\u00eda Federal Argentina","author":"Administrador","date":"8 de abril de 2024","format":false,"excerpt":"El edificio del Departamento Central de la Polic\u00eda Federal Argentina es la sede de ese cuerpo policial, situado en el barrio de Montserrat, perteneciente a la comuna 1 de la Ciudad Aut\u00f3noma de Buenos Aires, Argentina. Direcci\u00f3n: Moreno 1502, C1093 Cdad. Aut\u00f3noma de Buenos Aires Tel\u00e9fono: 011 4370-5800","rel":"","context":"Entrada similar","block_context":{"text":"Entrada similar","link":""},"img":{"alt_text":"","src":"","width":0,"height":0},"classes":[]},{"id":4480,"url":"https:\/\/radiobellavista.com.ar\/index.php\/telefonos-utiles\/policial-federal\/delegaciones-buenos-aires-p-f-a\/","url_meta":{"origin":4404,"position":1},"title":"Delegaciones Buenos Aires  P.F.A","author":"Administrador","date":"8 de abril de 2024","format":false,"excerpt":"Delegaci\u00f3nTel\u00e9fonoCorreo electr\u00f3nicoDirecci\u00f3nPinamar02293-428-219 \/ 02293-428-468pinamar@policiafederal.gov.arDe las Medusas 1609, Pinamar, Pcia. de Bs. As.Mar del Plata0223-451-7909 \/ 8863 0223-451-6425del_mardelplata@policiafederal .gov.arSarmiento 2551, Mar del Plata, Prov. de Bs. As.Dolores02245-440-822\/ 443-339dolores@policiafederal.gov.arCastelli 174, Dolores, Prov. de Bs. As.Bah\u00eda Blanca0291-452-0050 \/ 0291-452-5397del_bahiablanca@policiafederal. gov.arRondeau 139, Bah\u00eda Blanca, Prov.de Bs. As.Azul02281-426-130\/ 02281-424-247Belgrano 433, Azul, Prov. de Bs. As.Pergamino02477-428-412\u2026","rel":"","context":"Entrada similar","block_context":{"text":"Entrada similar","link":""},"img":{"alt_text":"","src":"","width":0,"height":0},"classes":[]},{"id":5094,"url":"https:\/\/radiobellavista.com.ar\/index.php\/podcast\/5094-2\/","url_meta":{"origin":4404,"position":2},"title":"D\u00eda del Perro en honor a Chonino","author":"Administrador","date":"22 de agosto de 2024","format":false,"excerpt":"Chonino fue un perro argentino de raza Ovejero Alem\u00e1n de pelo largo\u200b que perteneci\u00f3 a la Polic\u00eda Federal Argentina, recordado por ser el \u00fanico que muri\u00f3 en acci\u00f3n en toda la historia de la Fuerza, y que por su valent\u00eda y sacrificio se conmemora el \"D\u00eda Nacional del Perro\"\u200b\u200b el\u2026","rel":"","context":"Entrada similar","block_context":{"text":"Entrada similar","link":""},"img":{"alt_text":"","src":"https:\/\/i0.wp.com\/radiobellavista.com.ar\/wp-content\/uploads\/2024\/08\/chonino.png?resize=350%2C200","width":350,"height":200},"classes":[]}],"jetpack_shortlink":"https:\/\/wp.me\/Pgv48F-192","_links":{"self":[{"href":"https:\/\/radiobellavista.com.ar\/index.php\/wp-json\/wp\/v2\/pages\/4404","targetHints":{"allow":["GET"]}}],"collection":[{"href":"https:\/\/radiobellavista.com.ar\/index.php\/wp-json\/wp\/v2\/pages"}],"about":[{"href":"https:\/\/radiobellavista.com.ar\/index.php\/wp-json\/wp\/v2\/types\/page"}],"author":[{"embeddable":true,"href":"https:\/\/radiobellavista.com.ar\/index.php\/wp-json\/wp\/v2\/users\/1"}],"replies":[{"embeddable":true,"href":"https:\/\/radiobellavista.com.ar\/index.php\/wp-json\/wp\/v2\/comments?post=4404"}],"version-history":[{"count":0,"href":"https:\/\/radiobellavista.com.ar\/index.php\/wp-json\/wp\/v2\/pages\/4404\/revisions"}],"up":[{"embeddable":true,"href":"https:\/\/radiobellavista.com.ar\/index.php\/wp-json\/wp\/v2\/pages\/4375"}],"wp:attachment":[{"href":"https:\/\/radiobellavista.com.ar\/index.php\/wp-json\/wp\/v2\/media?parent=4404"}],"curies":[{"name":"wp","href":"https:\/\/api.w.org\/{rel}","templated":true}]}}