{"id":4406,"date":"2024-04-07T23:36:51","date_gmt":"2024-04-08T02:36:51","guid":{"rendered":"https:\/\/radiobellavista.ar\/?page_id=4406"},"modified":"2024-04-07T23:36:51","modified_gmt":"2024-04-08T02:36:51","slug":"san-martin","status":"publish","type":"page","link":"https:\/\/radiobellavista.com.ar\/index.php\/telefonos-utiles\/policia-bonaerense\/san-martin\/","title":{"rendered":"SAN MART\u00cdN"},"content":{"rendered":"\n<figure class=\"wp-block-table is-style-stripes has-small-font-size\"><table class=\"has-black-color has-luminous-vivid-amber-to-luminous-vivid-orange-gradient-background has-text-color has-background has-link-color\"><tbody><tr><td><strong>DEPENDENCIA<\/strong><\/td><td><strong>TEL\u00c9FONO<\/strong><\/td><td><strong>DIRECCI\u00d3N<\/strong><\/td><\/tr><tr><td>Comisar\u00eda San Mart\u00edn 1\u00b0&nbsp;&nbsp;<\/td><td>011 &#8211; 45126086\/ 6055\/ 6706\/ 6707<\/td><td>Ricardo Balb\u00edn N\u00b0 2055San Mart\u00edn<\/td><\/tr><tr><td>Comisar\u00eda San Mart\u00edn 2\u00b0&nbsp;&nbsp;<\/td><td>011 &#8211; 45125545\/ 46\/ 49<\/td><td>Bvar. Ballester N\u00b0 140Villa Ballester, San Mart\u00edn<\/td><\/tr><tr><td>Comisar\u00eda San Mart\u00edn 3\u00b0&nbsp;<\/td><td>011 \u2013 45126093\/ 88\/ 6705<\/td><td>Guido Spano N\u00b0 223Villa Lynch, San Mart\u00edn&nbsp;<\/td><\/tr><tr><td>Comisar\u00eda San Mart\u00edn 4\u00b0&nbsp;&nbsp;<\/td><td>011 &#8211; 45801155\/ 1156&nbsp;<\/td><td>Av. M\u00e1rquez N\u00b0 400Jos\u00e9 Le\u00f3n Su\u00e1rez, San Mart\u00edn<\/td><\/tr><tr><td>Comisar\u00eda San Mart\u00edn 5\u00b0&nbsp;&nbsp;<\/td><td>011 &#8211; 45127893\/ 91\/ 92<\/td><td>Moreno N\u00b0 645Billinghurst, San Mart\u00edn&nbsp;&nbsp;<\/td><\/tr><tr><td>Comisar\u00eda San Mart\u00edn 6\u00b0&nbsp;&nbsp;<\/td><td>011 &#8211; 45126084\/ 6776<\/td><td>Lavalle y MatheuVilla Maip\u00fa, San Mart\u00edn<\/td><\/tr><tr><td>Comisar\u00eda San Mart\u00edn 8\u00b0<\/td><td>011 &#8211; 45126701\/ 6091<\/td><td>4 de Febrero y CamposVilla Concepci\u00f3n, San Mart\u00edn<\/td><\/tr><tr><td>Comisar\u00eda San Mart\u00edn 9\u00b0&nbsp;&nbsp;&nbsp;<\/td><td>011 \u2013 45125558\/ 57\/ 59<\/td><td>Industria N\u00b0 3300Villa Ballester Oeste, San Mart\u00edn<\/td><\/tr><tr><td>Comisar\u00eda San Mart\u00edn 10\u00b0&nbsp;&nbsp;&nbsp;<\/td><td>No posee<\/td><td>Debenedetti y Camino del Buen AyreJos\u00e9 Le\u00f3n Su\u00e1rez, San Mart\u00edn<\/td><\/tr><tr><td>Subcomisar\u00eda Jos\u00e9 Le\u00f3n Su\u00e1rez&nbsp;&nbsp;<\/td><td>011 &#8211; 45801061<\/td><td>Av. M\u00e1rquez y San Ram\u00f3nJos\u00e9 Le\u00f3n Su\u00e1rez, San Mart\u00edn&nbsp;<\/td><\/tr><\/tbody><\/table><\/figure>\n","protected":false},"excerpt":{"rendered":"<p>DEPENDENCIA TEL\u00c9FONO DIRECCI\u00d3N Comisar\u00eda San Mart\u00edn 1\u00b0&nbsp;&nbsp; 011 &#8211; 45126086\/ 6055\/ 6706\/ 6707 Ricardo Balb\u00edn N\u00b0 2055San Mart\u00edn Comisar\u00eda San Mart\u00edn 2\u00b0&nbsp;&nbsp; 011 &#8211; 45125545\/ 46\/ 49 Bvar. Ballester N\u00b0 140Villa Ballester, San Mart\u00edn Comisar\u00eda San Mart\u00edn 3\u00b0&nbsp; 011 \u2013 45126093\/ 88\/ 6705 Guido Spano N\u00b0 223Villa Lynch, San Mart\u00edn&nbsp; Comisar\u00eda San Mart\u00edn 4\u00b0&nbsp;&nbsp; 011 [&hellip;]<\/p>\n","protected":false},"author":1,"featured_media":0,"parent":4402,"menu_order":0,"comment_status":"closed","ping_status":"closed","template":"","meta":{"_eb_attr":"","advanced_seo_description":"","jetpack_seo_html_title":"","jetpack_seo_noindex":false,"h5ap_radio_sources":[],"_joinchat":[],"footnotes":""},"class_list":["post-4406","page","type-page","status-publish","hentry"],"jetpack_sharing_enabled":true,"jetpack-related-posts":[{"id":4399,"url":"https:\/\/radiobellavista.com.ar\/index.php\/telefonos-utiles\/policia-bonaerense\/san-miguel\/","url_meta":{"origin":4406,"position":0},"title":"SAN MIGUEL","author":"Administrador","date":"7 de abril de 2024","format":false,"excerpt":"DEPENDENCIATEL\u00c9FONODIRECCI\u00d3NComisar\u00eda San Miguel 1\u00b0\u00a0\u00a0011 - 46649333\/ 46644494Alem N\u00b0 1857 y Espa\u00f1aSan MiguelComisar\u00eda San Miguel 2\u00b0\u00a0\u00a0011 - 46667412San Mart\u00edn N\u00b0 1928Bella Vista, San MiguelComisar\u00eda San Miguel 3\u00b0\u00a0011 - 44557771\/ 72Irigoin N\u00b0 4480San Miguel Oeste, San Miguel\u00a0","rel":"","context":"Entrada similar","block_context":{"text":"Entrada similar","link":""},"img":{"alt_text":"","src":"","width":0,"height":0},"classes":[]},{"id":4542,"url":"https:\/\/radiobellavista.com.ar\/index.php\/telefonos-utiles\/4542-2\/","url_meta":{"origin":4406,"position":1},"title":"Bomberos Voluntarios","author":"Administrador","date":"9 de abril de 2024","format":false,"excerpt":"Bomberos Gral SarmientoAvenida Presidente Per\u00f3n 1644Guardia: 4664-2222Administraci\u00f3n: 4664-7032Jefatura: 4664-5779Destacamento 1Avenida Remigio Lopez 2551 - Tel: 25514455-2222 Bomberos Voluntarios de Jos\u00e9 C. PazDirecci\u00f3n: San Agust\u00edn 703, Jos\u00e9 C. PazTel\u00e9fono: 02320 42-2222whatsapp: 1156615900 Bomberos Voluntarios Los PolvorinesPerito Moreno 3502, Villa de Mayo Bomberos Voluntarios de Malvinas ArgentinasJ. C. Baroni N\u00ba 2684 Los\u2026","rel":"","context":"Entrada similar","block_context":{"text":"Entrada similar","link":""},"img":{"alt_text":"","src":"","width":0,"height":0},"classes":[]},{"id":4410,"url":"https:\/\/radiobellavista.com.ar\/index.php\/telefonos-utiles\/policia-bonaerense\/malvinas-argentinas\/","url_meta":{"origin":4406,"position":2},"title":"MALVINAS ARGENTINAS","author":"Administrador","date":"7 de abril de 2024","format":false,"excerpt":"DEPENDENCIATEL\u00c9FONODIRECCI\u00d3NComisar\u00eda Malvinas Argentinas 1\u00b0\u00a0\u00a002320 - 480171\/ 485600Jos\u00e9 de San Mart\u00edn N\u00b0 1674Grand Bourg, Malvinas Argentinas\u00a0Comisar\u00eda Malvinas Argentinas 2\u00b0\u00a0\u00a0011 - 44560198\/ 0227\/ 0053Perito Moreno N\u00b0 3181Los Polvorines, Malvinas Argentinas\u00a0\u00a0Comisar\u00eda Malvinas Argentinas 3\u00b0\u00a0\u00a002320 - 480260\/ 486191Ej\u00e9rcito de los Andes N\u00b0 2244Pablo Nogu\u00e9s, Malvinas Argentinas\u00a0Comisar\u00eda Malvinas Argentinas 4\u00b0\u00a0\u00a002320 - 491011\/ 495000Per\u00f3n N\u00b0 181Tortuguitas,\u2026","rel":"","context":"Entrada similar","block_context":{"text":"Entrada similar","link":""},"img":{"alt_text":"","src":"","width":0,"height":0},"classes":[]},{"id":4480,"url":"https:\/\/radiobellavista.com.ar\/index.php\/telefonos-utiles\/policial-federal\/delegaciones-buenos-aires-p-f-a\/","url_meta":{"origin":4406,"position":3},"title":"Delegaciones Buenos Aires  P.F.A","author":"Administrador","date":"8 de abril de 2024","format":false,"excerpt":"Delegaci\u00f3nTel\u00e9fonoCorreo electr\u00f3nicoDirecci\u00f3nPinamar02293-428-219 \/ 02293-428-468pinamar@policiafederal.gov.arDe las Medusas 1609, Pinamar, Pcia. de Bs. As.Mar del Plata0223-451-7909 \/ 8863 0223-451-6425del_mardelplata@policiafederal .gov.arSarmiento 2551, Mar del Plata, Prov. de Bs. As.Dolores02245-440-822\/ 443-339dolores@policiafederal.gov.arCastelli 174, Dolores, Prov. de Bs. As.Bah\u00eda Blanca0291-452-0050 \/ 0291-452-5397del_bahiablanca@policiafederal. gov.arRondeau 139, Bah\u00eda Blanca, Prov.de Bs. As.Azul02281-426-130\/ 02281-424-247Belgrano 433, Azul, Prov. de Bs. As.Pergamino02477-428-412\u2026","rel":"","context":"Entrada similar","block_context":{"text":"Entrada similar","link":""},"img":{"alt_text":"","src":"","width":0,"height":0},"classes":[]},{"id":4418,"url":"https:\/\/radiobellavista.com.ar\/index.php\/telefonos-utiles\/policia-bonaerense\/merlo\/","url_meta":{"origin":4406,"position":4},"title":"MERLO","author":"Administrador","date":"7 de abril de 2024","format":false,"excerpt":"DEPENDENCIATEL\u00c9FONODIRECCI\u00d3NComisar\u00eda Merlo 1\u00b0\u00a0\u00a00220 - 4820028\/1113Libertador N\u00b0 368 y ChacabucoMerlo\u00a0Comisar\u00eda Merlo 2\u00b0\u00a0\u00a00220 - 4832222\/ 4852267Directorio N\u00b0 236 e\/ Chaco y ChubutSan Antonio de Padua, MerloComisar\u00eda Merlo 3\u00b0\u00a0\u00a00220 - 4808744\/6011San Mart\u00edn y MurrayParque San Mart\u00edn, MerloComisar\u00eda Merlo 4\u00b0\u00a0\u00a00220 - 4941214\/ 4970499Av. Morotti y ColombiaLibertad, MerloComisar\u00eda Merlo 5\u00b0\u00a0\u00a00220 - 4920222\/ 4922580\u00a0Paraje San Pablo\u2026","rel":"","context":"Entrada similar","block_context":{"text":"Entrada similar","link":""},"img":{"alt_text":"","src":"","width":0,"height":0},"classes":[]},{"id":4412,"url":"https:\/\/radiobellavista.com.ar\/index.php\/telefonos-utiles\/policia-bonaerense\/moron\/","url_meta":{"origin":4406,"position":5},"title":"MOR\u00d3N","author":"Administrador","date":"7 de abril de 2024","format":false,"excerpt":"DEPENDENCIATEL\u00c9FONODIRECCI\u00d3NComisar\u00eda Mor\u00f3n 1\u00b0 (Centro)\u00a0\u00a0011 - 46293333\/ 44893869Bartolom\u00e9 Mitre N\u00b0 939Mor\u00f3n\u00a0Comisar\u00eda Mor\u00f3n 2\u00b0\u00a0011 - 46594444\/ 3333Tacuar\u00ed N\u00b0 690Haedo, Mor\u00f3n\u00a0Norte, Mor\u00f3n\u00a0Comisar\u00eda Mor\u00f3n 3\u00b0\u00a0\u00a0011 - 46293344\/ \u00a04444Libertador N\u00b0 654 y RochaCastelar Sur, Mor\u00f3nComisar\u00eda Mor\u00f3n 4\u00b0\u00a0\u00a0011 - 46972944\/ \u00a06531Felipe Vallese N\u00b0 1079 y Avda. Eva Per\u00f3nGervasio Pav\u00f3n, Mor\u00f3nComisar\u00eda Mor\u00f3n 5\u00b0\u00a0\u00a0011 - 46580130\/ 46549841\/ 46560550\u00a0Tres\u2026","rel":"","context":"Entrada similar","block_context":{"text":"Entrada similar","link":""},"img":{"alt_text":"","src":"","width":0,"height":0},"classes":[]}],"jetpack_shortlink":"https:\/\/wp.me\/Pgv48F-194","_links":{"self":[{"href":"https:\/\/radiobellavista.com.ar\/index.php\/wp-json\/wp\/v2\/pages\/4406","targetHints":{"allow":["GET"]}}],"collection":[{"href":"https:\/\/radiobellavista.com.ar\/index.php\/wp-json\/wp\/v2\/pages"}],"about":[{"href":"https:\/\/radiobellavista.com.ar\/index.php\/wp-json\/wp\/v2\/types\/page"}],"author":[{"embeddable":true,"href":"https:\/\/radiobellavista.com.ar\/index.php\/wp-json\/wp\/v2\/users\/1"}],"replies":[{"embeddable":true,"href":"https:\/\/radiobellavista.com.ar\/index.php\/wp-json\/wp\/v2\/comments?post=4406"}],"version-history":[{"count":0,"href":"https:\/\/radiobellavista.com.ar\/index.php\/wp-json\/wp\/v2\/pages\/4406\/revisions"}],"up":[{"embeddable":true,"href":"https:\/\/radiobellavista.com.ar\/index.php\/wp-json\/wp\/v2\/pages\/4402"}],"wp:attachment":[{"href":"https:\/\/radiobellavista.com.ar\/index.php\/wp-json\/wp\/v2\/media?parent=4406"}],"curies":[{"name":"wp","href":"https:\/\/api.w.org\/{rel}","templated":true}]}}