{"id":4418,"date":"2024-04-07T23:45:06","date_gmt":"2024-04-08T02:45:06","guid":{"rendered":"https:\/\/radiobellavista.ar\/?page_id=4418"},"modified":"2024-04-07T23:45:06","modified_gmt":"2024-04-08T02:45:06","slug":"merlo","status":"publish","type":"page","link":"https:\/\/radiobellavista.com.ar\/index.php\/telefonos-utiles\/policia-bonaerense\/merlo\/","title":{"rendered":"MERLO"},"content":{"rendered":"\n<figure class=\"wp-block-table is-style-stripes has-small-font-size\"><table class=\"has-black-color has-luminous-vivid-amber-to-luminous-vivid-orange-gradient-background has-text-color has-background has-link-color\"><tbody><tr><td><strong>DEPENDENCIA<\/strong><\/td><td><strong>TEL\u00c9FONO<\/strong><\/td><td><strong>DIRECCI\u00d3N<\/strong><\/td><\/tr><tr><td>Comisar\u00eda Merlo 1\u00b0&nbsp;&nbsp;<\/td><td>0220 &#8211; 4820028\/1113<\/td><td>Libertador N\u00b0 368 y ChacabucoMerlo&nbsp;<\/td><\/tr><tr><td>Comisar\u00eda Merlo 2\u00b0&nbsp;&nbsp;<\/td><td>0220 &#8211; 4832222\/ 4852267<\/td><td>Directorio N\u00b0 236 e\/ Chaco y ChubutSan Antonio de Padua, Merlo<\/td><\/tr><tr><td>Comisar\u00eda Merlo 3\u00b0&nbsp;&nbsp;<\/td><td>0220 &#8211; 4808744\/6011<\/td><td>San Mart\u00edn y MurrayParque San Mart\u00edn, Merlo<\/td><\/tr><tr><td>Comisar\u00eda Merlo 4\u00b0&nbsp;&nbsp;<\/td><td>0220 &#8211; 4941214\/ 4970499<\/td><td>Av. Morotti y ColombiaLibertad, Merlo<\/td><\/tr><tr><td>Comisar\u00eda Merlo 5\u00b0&nbsp;&nbsp;<\/td><td>0220 &#8211; 4920222\/ 4922580&nbsp;<\/td><td>Paraje San Pablo y De Berl\u00ednPontevedra, Merlo&nbsp;&nbsp;&nbsp;<\/td><\/tr><tr><td>Comisar\u00eda Merlo 6\u00b0&nbsp;&nbsp;<\/td><td>0220 &#8211; 4894061<\/td><td>Av. Ricardo Balb\u00edn N\u00b0 9100Mariano Acosta, Merlo<\/td><\/tr><tr><td>Subcomisar\u00eda Matera<\/td><td>0220 \u2013 4808727\/ 4804242<\/td><td>Alem N\u00b0 5802 y ArredondoBarrio Matera, Merlo<\/td><\/tr><\/tbody><\/table><\/figure>\n","protected":false},"excerpt":{"rendered":"<p>DEPENDENCIA TEL\u00c9FONO DIRECCI\u00d3N Comisar\u00eda Merlo 1\u00b0&nbsp;&nbsp; 0220 &#8211; 4820028\/1113 Libertador N\u00b0 368 y ChacabucoMerlo&nbsp; Comisar\u00eda Merlo 2\u00b0&nbsp;&nbsp; 0220 &#8211; 4832222\/ 4852267 Directorio N\u00b0 236 e\/ Chaco y ChubutSan Antonio de Padua, Merlo Comisar\u00eda Merlo 3\u00b0&nbsp;&nbsp; 0220 &#8211; 4808744\/6011 San Mart\u00edn y MurrayParque San Mart\u00edn, Merlo Comisar\u00eda Merlo 4\u00b0&nbsp;&nbsp; 0220 &#8211; 4941214\/ 4970499 Av. Morotti y [&hellip;]<\/p>\n","protected":false},"author":1,"featured_media":0,"parent":4402,"menu_order":0,"comment_status":"closed","ping_status":"closed","template":"","meta":{"_eb_attr":"","advanced_seo_description":"","jetpack_seo_html_title":"","jetpack_seo_noindex":false,"h5ap_radio_sources":[],"_joinchat":[],"footnotes":""},"class_list":["post-4418","page","type-page","status-publish","hentry"],"jetpack_sharing_enabled":true,"jetpack-related-posts":[{"id":4414,"url":"https:\/\/radiobellavista.com.ar\/index.php\/telefonos-utiles\/policia-bonaerense\/moreno\/","url_meta":{"origin":4418,"position":0},"title":"MORENO","author":"Administrador","date":"7 de abril de 2024","format":false,"excerpt":"DEPENDENCIATEL\u00c9FONODIRECCI\u00d3NComisar\u00eda Moreno 1\u00b0\u00a00237 - 4639030Merlo N\u00b0 588Moreno\u00a0Comisar\u00eda Moreno 2\u00b0\u00a0\u00a00237 \u2013 4813885\/ 3171Cervantes y Joaqu\u00edn V. Gonz\u00e1lez N\u00b0 1336Trujui, Moreno\u00a0Comisar\u00eda Moreno 3\u00b0\u00a0\u00a00237 \u2013 4632366\/ 4624398\/ 4636151Zapiola y DastugueVilla Zapiola, MorenoComisar\u00eda Moreno 4\u00b0\u00a0\u00a002320 - 453697Ruta 24 esquina GutembergCuartel V, MorenoComisar\u00eda Moreno 5\u00b0\u00a0\u00a00237 - 4636249\u00a0Alcorta N\u00b0 259Paso del Rey, Moreno\u00a0\u00a0Comisar\u00eda Moreno 6\u00b0\u00a0\u00a00237 -\u2026","rel":"","context":"Entrada similar","block_context":{"text":"Entrada similar","link":""},"img":{"alt_text":"","src":"","width":0,"height":0},"classes":[]},{"id":4406,"url":"https:\/\/radiobellavista.com.ar\/index.php\/telefonos-utiles\/policia-bonaerense\/san-martin\/","url_meta":{"origin":4418,"position":1},"title":"SAN MART\u00cdN","author":"Administrador","date":"7 de abril de 2024","format":false,"excerpt":"DEPENDENCIATEL\u00c9FONODIRECCI\u00d3NComisar\u00eda San Mart\u00edn 1\u00b0\u00a0\u00a0011 - 45126086\/ 6055\/ 6706\/ 6707Ricardo Balb\u00edn N\u00b0 2055San Mart\u00ednComisar\u00eda San Mart\u00edn 2\u00b0\u00a0\u00a0011 - 45125545\/ 46\/ 49Bvar. Ballester N\u00b0 140Villa Ballester, San Mart\u00ednComisar\u00eda San Mart\u00edn 3\u00b0\u00a0011 \u2013 45126093\/ 88\/ 6705Guido Spano N\u00b0 223Villa Lynch, San Mart\u00edn\u00a0Comisar\u00eda San Mart\u00edn 4\u00b0\u00a0\u00a0011 - 45801155\/ 1156\u00a0Av. M\u00e1rquez N\u00b0 400Jos\u00e9 Le\u00f3n Su\u00e1rez,\u2026","rel":"","context":"Entrada similar","block_context":{"text":"Entrada similar","link":""},"img":{"alt_text":"","src":"","width":0,"height":0},"classes":[]},{"id":4399,"url":"https:\/\/radiobellavista.com.ar\/index.php\/telefonos-utiles\/policia-bonaerense\/san-miguel\/","url_meta":{"origin":4418,"position":2},"title":"SAN MIGUEL","author":"Administrador","date":"7 de abril de 2024","format":false,"excerpt":"DEPENDENCIATEL\u00c9FONODIRECCI\u00d3NComisar\u00eda San Miguel 1\u00b0\u00a0\u00a0011 - 46649333\/ 46644494Alem N\u00b0 1857 y Espa\u00f1aSan MiguelComisar\u00eda San Miguel 2\u00b0\u00a0\u00a0011 - 46667412San Mart\u00edn N\u00b0 1928Bella Vista, San MiguelComisar\u00eda San Miguel 3\u00b0\u00a0011 - 44557771\/ 72Irigoin N\u00b0 4480San Miguel Oeste, San Miguel\u00a0","rel":"","context":"Entrada similar","block_context":{"text":"Entrada similar","link":""},"img":{"alt_text":"","src":"","width":0,"height":0},"classes":[]},{"id":4410,"url":"https:\/\/radiobellavista.com.ar\/index.php\/telefonos-utiles\/policia-bonaerense\/malvinas-argentinas\/","url_meta":{"origin":4418,"position":3},"title":"MALVINAS ARGENTINAS","author":"Administrador","date":"7 de abril de 2024","format":false,"excerpt":"DEPENDENCIATEL\u00c9FONODIRECCI\u00d3NComisar\u00eda Malvinas Argentinas 1\u00b0\u00a0\u00a002320 - 480171\/ 485600Jos\u00e9 de San Mart\u00edn N\u00b0 1674Grand Bourg, Malvinas Argentinas\u00a0Comisar\u00eda Malvinas Argentinas 2\u00b0\u00a0\u00a0011 - 44560198\/ 0227\/ 0053Perito Moreno N\u00b0 3181Los Polvorines, Malvinas Argentinas\u00a0\u00a0Comisar\u00eda Malvinas Argentinas 3\u00b0\u00a0\u00a002320 - 480260\/ 486191Ej\u00e9rcito de los Andes N\u00b0 2244Pablo Nogu\u00e9s, Malvinas Argentinas\u00a0Comisar\u00eda Malvinas Argentinas 4\u00b0\u00a0\u00a002320 - 491011\/ 495000Per\u00f3n N\u00b0 181Tortuguitas,\u2026","rel":"","context":"Entrada similar","block_context":{"text":"Entrada similar","link":""},"img":{"alt_text":"","src":"","width":0,"height":0},"classes":[]},{"id":4542,"url":"https:\/\/radiobellavista.com.ar\/index.php\/telefonos-utiles\/4542-2\/","url_meta":{"origin":4418,"position":4},"title":"Bomberos Voluntarios","author":"Administrador","date":"9 de abril de 2024","format":false,"excerpt":"Bomberos Gral SarmientoAvenida Presidente Per\u00f3n 1644Guardia: 4664-2222Administraci\u00f3n: 4664-7032Jefatura: 4664-5779Destacamento 1Avenida Remigio Lopez 2551 - Tel: 25514455-2222 Bomberos Voluntarios de Jos\u00e9 C. PazDirecci\u00f3n: San Agust\u00edn 703, Jos\u00e9 C. PazTel\u00e9fono: 02320 42-2222whatsapp: 1156615900 Bomberos Voluntarios Los PolvorinesPerito Moreno 3502, Villa de Mayo Bomberos Voluntarios de Malvinas ArgentinasJ. C. Baroni N\u00ba 2684 Los\u2026","rel":"","context":"Entrada similar","block_context":{"text":"Entrada similar","link":""},"img":{"alt_text":"","src":"","width":0,"height":0},"classes":[]},{"id":4480,"url":"https:\/\/radiobellavista.com.ar\/index.php\/telefonos-utiles\/policial-federal\/delegaciones-buenos-aires-p-f-a\/","url_meta":{"origin":4418,"position":5},"title":"Delegaciones Buenos Aires  P.F.A","author":"Administrador","date":"8 de abril de 2024","format":false,"excerpt":"Delegaci\u00f3nTel\u00e9fonoCorreo electr\u00f3nicoDirecci\u00f3nPinamar02293-428-219 \/ 02293-428-468pinamar@policiafederal.gov.arDe las Medusas 1609, Pinamar, Pcia. de Bs. As.Mar del Plata0223-451-7909 \/ 8863 0223-451-6425del_mardelplata@policiafederal .gov.arSarmiento 2551, Mar del Plata, Prov. de Bs. As.Dolores02245-440-822\/ 443-339dolores@policiafederal.gov.arCastelli 174, Dolores, Prov. de Bs. As.Bah\u00eda Blanca0291-452-0050 \/ 0291-452-5397del_bahiablanca@policiafederal. gov.arRondeau 139, Bah\u00eda Blanca, Prov.de Bs. As.Azul02281-426-130\/ 02281-424-247Belgrano 433, Azul, Prov. de Bs. As.Pergamino02477-428-412\u2026","rel":"","context":"Entrada similar","block_context":{"text":"Entrada similar","link":""},"img":{"alt_text":"","src":"","width":0,"height":0},"classes":[]}],"jetpack_shortlink":"https:\/\/wp.me\/Pgv48F-19g","_links":{"self":[{"href":"https:\/\/radiobellavista.com.ar\/index.php\/wp-json\/wp\/v2\/pages\/4418","targetHints":{"allow":["GET"]}}],"collection":[{"href":"https:\/\/radiobellavista.com.ar\/index.php\/wp-json\/wp\/v2\/pages"}],"about":[{"href":"https:\/\/radiobellavista.com.ar\/index.php\/wp-json\/wp\/v2\/types\/page"}],"author":[{"embeddable":true,"href":"https:\/\/radiobellavista.com.ar\/index.php\/wp-json\/wp\/v2\/users\/1"}],"replies":[{"embeddable":true,"href":"https:\/\/radiobellavista.com.ar\/index.php\/wp-json\/wp\/v2\/comments?post=4418"}],"version-history":[{"count":0,"href":"https:\/\/radiobellavista.com.ar\/index.php\/wp-json\/wp\/v2\/pages\/4418\/revisions"}],"up":[{"embeddable":true,"href":"https:\/\/radiobellavista.com.ar\/index.php\/wp-json\/wp\/v2\/pages\/4402"}],"wp:attachment":[{"href":"https:\/\/radiobellavista.com.ar\/index.php\/wp-json\/wp\/v2\/media?parent=4418"}],"curies":[{"name":"wp","href":"https:\/\/api.w.org\/{rel}","templated":true}]}}