{"id":4420,"date":"2024-04-07T23:47:19","date_gmt":"2024-04-08T02:47:19","guid":{"rendered":"https:\/\/radiobellavista.ar\/?page_id=4420"},"modified":"2024-04-07T23:47:19","modified_gmt":"2024-04-08T02:47:19","slug":"hurlingham","status":"publish","type":"page","link":"https:\/\/radiobellavista.com.ar\/index.php\/telefonos-utiles\/policia-bonaerense\/hurlingham\/","title":{"rendered":"HURLINGHAM"},"content":{"rendered":"\n<figure class=\"wp-block-table is-style-stripes has-small-font-size\"><table class=\"has-black-color has-luminous-vivid-amber-to-luminous-vivid-orange-gradient-background has-text-color has-background has-link-color\"><tbody><tr><td><strong>DEPENDENCIA<\/strong><\/td><td><strong>TEL\u00c9FONO<\/strong><\/td><td><strong>DIRECCI\u00d3N<\/strong><\/td><\/tr><tr><td>Comisar\u00eda Hurlingham 1\u00b0 (Centro)&nbsp;&nbsp;<\/td><td>011 &#8211; 46623333\/ 44528370<\/td><td>Victoria N\u00b0 1321Hurlingham<\/td><\/tr><tr><td>Comisar\u00eda Hurlingham 2\u00b0&nbsp;&nbsp;<\/td><td>011 &#8211; 44591910\/ 44596142\/ 44505192<\/td><td>Vergara N\u00b0 2350Villa Tesei, Hurlingham<\/td><\/tr><tr><td>Comisar\u00eda Hurlingham 3\u00b0&nbsp;&nbsp;<\/td><td>011 &#8211; 46658402<\/td><td>Potos\u00ed N\u00b0 3490William C. Morris, Hurlingham<\/td><\/tr><tr><td>Comisar\u00eda Hurlingham 4\u00b0 (V. Mitre)&nbsp;<\/td><td>011 &#8211; 44598286\/ &nbsp;8226<\/td><td>Langara y LebensohnVilla Tesei, Hurlingham<\/td><\/tr><\/tbody><\/table><\/figure>\n","protected":false},"excerpt":{"rendered":"<p>DEPENDENCIA TEL\u00c9FONO DIRECCI\u00d3N Comisar\u00eda Hurlingham 1\u00b0 (Centro)&nbsp;&nbsp; 011 &#8211; 46623333\/ 44528370 Victoria N\u00b0 1321Hurlingham Comisar\u00eda Hurlingham 2\u00b0&nbsp;&nbsp; 011 &#8211; 44591910\/ 44596142\/ 44505192 Vergara N\u00b0 2350Villa Tesei, Hurlingham Comisar\u00eda Hurlingham 3\u00b0&nbsp;&nbsp; 011 &#8211; 46658402 Potos\u00ed N\u00b0 3490William C. Morris, Hurlingham Comisar\u00eda Hurlingham 4\u00b0 (V. Mitre)&nbsp; 011 &#8211; 44598286\/ &nbsp;8226 Langara y LebensohnVilla Tesei, Hurlingham<\/p>\n","protected":false},"author":1,"featured_media":0,"parent":4402,"menu_order":0,"comment_status":"closed","ping_status":"closed","template":"","meta":{"_eb_attr":"","advanced_seo_description":"","jetpack_seo_html_title":"","jetpack_seo_noindex":false,"h5ap_radio_sources":[],"_joinchat":[],"footnotes":""},"class_list":["post-4420","page","type-page","status-publish","hentry"],"jetpack_sharing_enabled":true,"jetpack-related-posts":[{"id":4412,"url":"https:\/\/radiobellavista.com.ar\/index.php\/telefonos-utiles\/policia-bonaerense\/moron\/","url_meta":{"origin":4420,"position":0},"title":"MOR\u00d3N","author":"Administrador","date":"7 de abril de 2024","format":false,"excerpt":"DEPENDENCIATEL\u00c9FONODIRECCI\u00d3NComisar\u00eda Mor\u00f3n 1\u00b0 (Centro)\u00a0\u00a0011 - 46293333\/ 44893869Bartolom\u00e9 Mitre N\u00b0 939Mor\u00f3n\u00a0Comisar\u00eda Mor\u00f3n 2\u00b0\u00a0011 - 46594444\/ 3333Tacuar\u00ed N\u00b0 690Haedo, Mor\u00f3n\u00a0Norte, Mor\u00f3n\u00a0Comisar\u00eda Mor\u00f3n 3\u00b0\u00a0\u00a0011 - 46293344\/ \u00a04444Libertador N\u00b0 654 y RochaCastelar Sur, Mor\u00f3nComisar\u00eda Mor\u00f3n 4\u00b0\u00a0\u00a0011 - 46972944\/ \u00a06531Felipe Vallese N\u00b0 1079 y Avda. Eva Per\u00f3nGervasio Pav\u00f3n, Mor\u00f3nComisar\u00eda Mor\u00f3n 5\u00b0\u00a0\u00a0011 - 46580130\/ 46549841\/ 46560550\u00a0Tres\u2026","rel":"","context":"Entrada similar","block_context":{"text":"Entrada similar","link":""},"img":{"alt_text":"","src":"","width":0,"height":0},"classes":[]},{"id":4406,"url":"https:\/\/radiobellavista.com.ar\/index.php\/telefonos-utiles\/policia-bonaerense\/san-martin\/","url_meta":{"origin":4420,"position":1},"title":"SAN MART\u00cdN","author":"Administrador","date":"7 de abril de 2024","format":false,"excerpt":"DEPENDENCIATEL\u00c9FONODIRECCI\u00d3NComisar\u00eda San Mart\u00edn 1\u00b0\u00a0\u00a0011 - 45126086\/ 6055\/ 6706\/ 6707Ricardo Balb\u00edn N\u00b0 2055San Mart\u00ednComisar\u00eda San Mart\u00edn 2\u00b0\u00a0\u00a0011 - 45125545\/ 46\/ 49Bvar. Ballester N\u00b0 140Villa Ballester, San Mart\u00ednComisar\u00eda San Mart\u00edn 3\u00b0\u00a0011 \u2013 45126093\/ 88\/ 6705Guido Spano N\u00b0 223Villa Lynch, San Mart\u00edn\u00a0Comisar\u00eda San Mart\u00edn 4\u00b0\u00a0\u00a0011 - 45801155\/ 1156\u00a0Av. M\u00e1rquez N\u00b0 400Jos\u00e9 Le\u00f3n Su\u00e1rez,\u2026","rel":"","context":"Entrada similar","block_context":{"text":"Entrada similar","link":""},"img":{"alt_text":"","src":"","width":0,"height":0},"classes":[]},{"id":4424,"url":"https:\/\/radiobellavista.com.ar\/index.php\/telefonos-utiles\/policia-bonaerense\/ituzaingo\/","url_meta":{"origin":4420,"position":2},"title":"ITUZAING\u00d3","author":"Administrador","date":"7 de abril de 2024","format":false,"excerpt":"DEPENDENCIATEL\u00c9FONODIRECCI\u00d3NComisar\u00eda Ituzaing\u00f3 1\u00b0\u00a0\u00a0011 - 46230795\/0842Olaz\u00e1bal N\u00b0 899Ituzaing\u00f3 \u00a0Comisar\u00eda Ituzaing\u00f3 2\u00b0\u00a0011 - 46244941\/ 46234423Lavalleja N\u00b0 750Villa Ariza, Ituzaing\u00f3Comisar\u00eda Ituzaing\u00f3 3\u00b0\u00a0\u00a0011 - 46210444\/ 3030Udaondo N\u00b0 2550 y La VidalitaLas Caba\u00f1as, Ituzaing\u00f3Comisar\u00eda Ituzaing\u00f3 4\u00b0\u00a0011 - 46210006\/ 44813299Pringles N\u00b0 2700 y PortugalSan Alberto, Ituzaing\u00f3","rel":"","context":"Entrada similar","block_context":{"text":"Entrada similar","link":""},"img":{"alt_text":"","src":"","width":0,"height":0},"classes":[]},{"id":4399,"url":"https:\/\/radiobellavista.com.ar\/index.php\/telefonos-utiles\/policia-bonaerense\/san-miguel\/","url_meta":{"origin":4420,"position":3},"title":"SAN MIGUEL","author":"Administrador","date":"7 de abril de 2024","format":false,"excerpt":"DEPENDENCIATEL\u00c9FONODIRECCI\u00d3NComisar\u00eda San Miguel 1\u00b0\u00a0\u00a0011 - 46649333\/ 46644494Alem N\u00b0 1857 y Espa\u00f1aSan MiguelComisar\u00eda San Miguel 2\u00b0\u00a0\u00a0011 - 46667412San Mart\u00edn N\u00b0 1928Bella Vista, San MiguelComisar\u00eda San Miguel 3\u00b0\u00a0011 - 44557771\/ 72Irigoin N\u00b0 4480San Miguel Oeste, San Miguel\u00a0","rel":"","context":"Entrada similar","block_context":{"text":"Entrada similar","link":""},"img":{"alt_text":"","src":"","width":0,"height":0},"classes":[]},{"id":4542,"url":"https:\/\/radiobellavista.com.ar\/index.php\/telefonos-utiles\/4542-2\/","url_meta":{"origin":4420,"position":4},"title":"Bomberos Voluntarios","author":"Administrador","date":"9 de abril de 2024","format":false,"excerpt":"Bomberos Gral SarmientoAvenida Presidente Per\u00f3n 1644Guardia: 4664-2222Administraci\u00f3n: 4664-7032Jefatura: 4664-5779Destacamento 1Avenida Remigio Lopez 2551 - Tel: 25514455-2222 Bomberos Voluntarios de Jos\u00e9 C. PazDirecci\u00f3n: San Agust\u00edn 703, Jos\u00e9 C. PazTel\u00e9fono: 02320 42-2222whatsapp: 1156615900 Bomberos Voluntarios Los PolvorinesPerito Moreno 3502, Villa de Mayo Bomberos Voluntarios de Malvinas ArgentinasJ. C. Baroni N\u00ba 2684 Los\u2026","rel":"","context":"Entrada similar","block_context":{"text":"Entrada similar","link":""},"img":{"alt_text":"","src":"","width":0,"height":0},"classes":[]},{"id":4410,"url":"https:\/\/radiobellavista.com.ar\/index.php\/telefonos-utiles\/policia-bonaerense\/malvinas-argentinas\/","url_meta":{"origin":4420,"position":5},"title":"MALVINAS ARGENTINAS","author":"Administrador","date":"7 de abril de 2024","format":false,"excerpt":"DEPENDENCIATEL\u00c9FONODIRECCI\u00d3NComisar\u00eda Malvinas Argentinas 1\u00b0\u00a0\u00a002320 - 480171\/ 485600Jos\u00e9 de San Mart\u00edn N\u00b0 1674Grand Bourg, Malvinas Argentinas\u00a0Comisar\u00eda Malvinas Argentinas 2\u00b0\u00a0\u00a0011 - 44560198\/ 0227\/ 0053Perito Moreno N\u00b0 3181Los Polvorines, Malvinas Argentinas\u00a0\u00a0Comisar\u00eda Malvinas Argentinas 3\u00b0\u00a0\u00a002320 - 480260\/ 486191Ej\u00e9rcito de los Andes N\u00b0 2244Pablo Nogu\u00e9s, Malvinas Argentinas\u00a0Comisar\u00eda Malvinas Argentinas 4\u00b0\u00a0\u00a002320 - 491011\/ 495000Per\u00f3n N\u00b0 181Tortuguitas,\u2026","rel":"","context":"Entrada similar","block_context":{"text":"Entrada similar","link":""},"img":{"alt_text":"","src":"","width":0,"height":0},"classes":[]}],"jetpack_shortlink":"https:\/\/wp.me\/Pgv48F-19i","_links":{"self":[{"href":"https:\/\/radiobellavista.com.ar\/index.php\/wp-json\/wp\/v2\/pages\/4420","targetHints":{"allow":["GET"]}}],"collection":[{"href":"https:\/\/radiobellavista.com.ar\/index.php\/wp-json\/wp\/v2\/pages"}],"about":[{"href":"https:\/\/radiobellavista.com.ar\/index.php\/wp-json\/wp\/v2\/types\/page"}],"author":[{"embeddable":true,"href":"https:\/\/radiobellavista.com.ar\/index.php\/wp-json\/wp\/v2\/users\/1"}],"replies":[{"embeddable":true,"href":"https:\/\/radiobellavista.com.ar\/index.php\/wp-json\/wp\/v2\/comments?post=4420"}],"version-history":[{"count":0,"href":"https:\/\/radiobellavista.com.ar\/index.php\/wp-json\/wp\/v2\/pages\/4420\/revisions"}],"up":[{"embeddable":true,"href":"https:\/\/radiobellavista.com.ar\/index.php\/wp-json\/wp\/v2\/pages\/4402"}],"wp:attachment":[{"href":"https:\/\/radiobellavista.com.ar\/index.php\/wp-json\/wp\/v2\/media?parent=4420"}],"curies":[{"name":"wp","href":"https:\/\/api.w.org\/{rel}","templated":true}]}}