{"id":4664,"date":"2024-05-22T19:05:53","date_gmt":"2024-05-22T22:05:53","guid":{"rendered":"https:\/\/radiobellavista.ar\/?page_id=4664"},"modified":"2025-07-04T11:11:47","modified_gmt":"2025-07-04T14:11:47","slug":"4664-2","status":"publish","type":"page","link":"https:\/\/radiobellavista.com.ar\/index.php\/noticias\/4664-2\/","title":{"rendered":"Cotizaci\u00f3n del Dolar"},"content":{"rendered":"\n<p><\/p>\n\n\n\n<div><iframe style=\"width:320px;height:260px;border-radius:10px;box-shadow:4px 8px 8px rgb(0 0 0 \/ 55%);display:flex;justify-content:center;border:1px solid #bcbcbc\" src=\"https:\/\/dolarhoy.com\/i\/cotizaciones\/dolar-bancos-y-casas-de-cambio\" frameborder=\"10\"><\/iframe><\/div>\n\n\n\n<p><\/p>\n\n\n\n<div><iframe style=\"width:320px;height:260px;border-radius:10px;box-shadow:2px 4px 4px rgb(0 0 0 \/ 25%);display:flex;justify-content:center;border:1px solid #bcbcbc\" src=\"https:\/\/dolarhoy.com\/i\/cotizaciones\/dolar-blue\" frameborder=\"0\"><\/iframe><\/div>\n\n\n\n<span class=\"name\">D\u00f3lar BNA<\/span><span class=\"value\"><span class=\"currency\">$<\/span>1.245,00<\/span><span class=\"percentage\"><span class=\"arrow\"><\/span><span>0,00%<\/span><\/span><\/a><\/li><li data-vplscroll-item=\"2\"><a href=\"\/MercadosOnline\/moneda.html?id=ARSB\"><span class=\"name\">D\u00f3lar Blue<\/span><span class=\"value\"><span class=\"currency\">$<\/span>1.230,00<\/span><span class=\"percentage down\"><span class=\"arrow\"><\/span><span>-0,40%<\/span><\/span><\/a><\/li><li data-vplscroll-item=\"3\"><a href=\"\/MercadosOnline\/moneda.html?id=ARSTAR\"><span class=\"name\">D\u00f3lar Tarjeta<\/span><span class=\"value\"><span class=\"currency\">$<\/span>1.618,50<\/span><span class=\"percentage\"><span class=\"arrow\"><\/span><span>0,00%<\/span><\/span><\/a><\/li><li data-vplscroll-item=\"4\"><a href=\"\/MercadosOnline\/moneda.html?id=ARSCONT\"><span class=\"name\">D\u00f3lar CCL<\/span><span class=\"value\"><span class=\"currency\">$<\/span>1.244,94<\/span><span class=\"percentage up\"><span class=\"arrow\"><\/span><span>0,51%<\/span><\/span><\/a><\/li><li data-vplscroll-item=\"5\"><a href=\"\/MercadosOnline\/moneda.html?id=ARSMEP\"><span class=\"name\">D\u00d3LAR MEP<\/span><span class=\"value\"><span class=\"currency\">$<\/span>1.240,97<\/span><span class=\"percentage up\"><span class=\"arrow\"><\/span><span>0,21%<\/span><\/span><\/a><\/li><\/ul><div class=\"scroll-controls\"><div class=\"scroll-button scroll-prev hidden\" id=\"market-scrll-1-prev\" onclick=\"vpl.scroll('market-scrll-1',false,false)\"><\/div><div class=\"scroll-button scroll-next\" id=\"market-scrll-1-next\" onclick=\"vpl.scroll('market-scrll-1',false,true)\"><\/div><\/div><script>site.markets.init('market-scrll-1','\/pieces\/markets\/id_draggable-1743434719000-315084__p_2\/');<\/script><\/section><\/div><\/header><main><div class=\"blockfull \"><div class=\"zone zfull z100\"><aside class=\"piece banner standard\"><div class=\"adbanner\" data-type=\"dfp\" style=\"min-height:90px\">\n","protected":false},"excerpt":{"rendered":"<p>D\u00f3lar BNA$1.245,000,00% D\u00f3lar Blue$1.230,00-0,40% D\u00f3lar Tarjeta$1.618,500,00% D\u00f3lar CCL$1.244,940,51% D\u00d3LAR MEP$1.240,970,21%<\/p>\n","protected":false},"author":1,"featured_media":0,"parent":340,"menu_order":0,"comment_status":"closed","ping_status":"closed","template":"","meta":{"_eb_attr":"","advanced_seo_description":"","jetpack_seo_html_title":"","jetpack_seo_noindex":false,"h5ap_radio_sources":[],"_joinchat":[],"footnotes":""},"class_list":["post-4664","page","type-page","status-publish","hentry"],"jetpack_sharing_enabled":true,"jetpack-related-posts":[],"jetpack_shortlink":"https:\/\/wp.me\/Pgv48F-1de","_links":{"self":[{"href":"https:\/\/radiobellavista.com.ar\/index.php\/wp-json\/wp\/v2\/pages\/4664","targetHints":{"allow":["GET"]}}],"collection":[{"href":"https:\/\/radiobellavista.com.ar\/index.php\/wp-json\/wp\/v2\/pages"}],"about":[{"href":"https:\/\/radiobellavista.com.ar\/index.php\/wp-json\/wp\/v2\/types\/page"}],"author":[{"embeddable":true,"href":"https:\/\/radiobellavista.com.ar\/index.php\/wp-json\/wp\/v2\/users\/1"}],"replies":[{"embeddable":true,"href":"https:\/\/radiobellavista.com.ar\/index.php\/wp-json\/wp\/v2\/comments?post=4664"}],"version-history":[{"count":8,"href":"https:\/\/radiobellavista.com.ar\/index.php\/wp-json\/wp\/v2\/pages\/4664\/revisions"}],"predecessor-version":[{"id":5638,"href":"https:\/\/radiobellavista.com.ar\/index.php\/wp-json\/wp\/v2\/pages\/4664\/revisions\/5638"}],"up":[{"embeddable":true,"href":"https:\/\/radiobellavista.com.ar\/index.php\/wp-json\/wp\/v2\/pages\/340"}],"wp:attachment":[{"href":"https:\/\/radiobellavista.com.ar\/index.php\/wp-json\/wp\/v2\/media?parent=4664"}],"curies":[{"name":"wp","href":"https:\/\/api.w.org\/{rel}","templated":true}]}}