{"id":4775,"date":"2024-06-19T15:40:35","date_gmt":"2024-06-19T18:40:35","guid":{"rendered":"https:\/\/radiobellavista.ar\/?page_id=4775"},"modified":"2024-06-19T15:40:35","modified_gmt":"2024-06-19T18:40:35","slug":"calendario-de-vacunacion","status":"publish","type":"page","link":"https:\/\/radiobellavista.com.ar\/index.php\/salud\/calendario-de-vacunacion\/","title":{"rendered":"Calendario de Vacunaci\u00f3n"},"content":{"rendered":"\n<div id=\"calendarioVac\">\n                        <table class=\"demo\">\n                        \n                            <thead>\n                            <tr>\n                                <th>Edad<\/th>\n                                <th>Vacuna<\/th>\n                            <\/tr>\n                            <\/thead>\n\n                            <tbody>\n                                                                                                                    <tr>\n                                    <td>Reci\u00e9n nacido<\/td>\n                                    \n                                    <td>\n                                    <strong>BCG<\/strong> <br>\n                                    \u00danica dosis (A)                                    <\/td>\n                                <\/tr>\n                                                            <tr>\n                                    <td>Reci\u00e9n nacido<\/td>\n                                    \n                                    <td>\n                                    <strong>HB<\/strong> <br>\n                                    \u00danica dosis (B)                                    <\/td>\n                                <\/tr>\n                                                            <tr>\n                                    <td>2 Meses<\/td>\n                                    \n                                    <td>\n                                    <strong>Neumococo conjugada<\/strong> <br>\n                                    1\u00b0 dosis                                    <\/td>\n                                <\/tr>\n                                                            <tr>\n                                    <td>2 Meses<\/td>\n                                    \n                                    <td>\n                                    <strong>Pentavalente DTP-Hib-HB<\/strong> <br>\n                                    1\u00b0 dosis                                    <\/td>\n                                <\/tr>\n                                                            <tr>\n                                    <td>2 Meses<\/td>\n                                    \n                                    <td>\n                                    <strong>Polio IPV<\/strong> <br>\n                                    1\u00b0 dosis                                    <\/td>\n                                <\/tr>\n                                                            <tr>\n                                    <td>2 Meses<\/td>\n                                    \n                                    <td>\n                                    <strong>Rotavirus<\/strong> <br>\n                                    1\u00b0 dosis (D)                                    <\/td>\n                                <\/tr>\n                                                            <tr>\n                                    <td>3 Meses<\/td>\n                                    \n                                    <td>\n                                    <strong>Meningococo<\/strong> <br>\n                                    1\u00b0 dosis                                    <\/td>\n                                <\/tr>\n                                                            <tr>\n                                    <td>4 Meses<\/td>\n                                    \n                                    <td>\n                                    <strong>Neumococo conjugada<\/strong> <br>\n                                    2\u00b0 dosis                                    <\/td>\n                                <\/tr>\n                                                            <tr>\n                                    <td>4 Meses<\/td>\n                                    \n                                    <td>\n                                    <strong>Pentavalente DTP-Hib-HB<\/strong> <br>\n                                    2\u00b0 dosis                                    <\/td>\n                                <\/tr>\n                                                            <tr>\n                                    <td>4 Meses<\/td>\n                                    \n                                    <td>\n                                    <strong>Polio IPV<\/strong> <br>\n                                    2\u00b0 dosis                                    <\/td>\n                                <\/tr>\n                                                            <tr>\n                                    <td>4 Meses<\/td>\n                                    \n                                    <td>\n                                    <strong>Rotavirus<\/strong> <br>\n                                    2\u00b0 dosis (E)                                    <\/td>\n                                <\/tr>\n                                                            <tr>\n                                    <td>5 Meses<\/td>\n                                    \n                                    <td>\n                                    <strong>Meningococo<\/strong> <br>\n                                    2\u00b0Dosis                                    <\/td>\n                                <\/tr>\n                                                            <tr>\n                                    <td>6 Meses<\/td>\n                                    \n                                    <td>\n                                    <strong>Pentavalente DTP-Hib-HB<\/strong> <br>\n                                    3\u00b0 dosis                                    <\/td>\n                                <\/tr>\n                                                            <tr>\n                                    <td>6 Meses<\/td>\n                                    \n                                    <td>\n                                    <strong>Polio OPV<\/strong> <br>\n                                    3\u00b0 dosis                                    <\/td>\n                                <\/tr>\n                                                            <tr>\n                                    <td>12 Meses<\/td>\n                                    \n                                    <td>\n                                    <strong>Neumococo conjugada<\/strong> <br>\n                                    Refuerzo                                    <\/td>\n                                <\/tr>\n                                                            <tr>\n                                    <td>12 Meses<\/td>\n                                    \n                                    <td>\n                                    <strong>Hepatitis A<\/strong> <br>\n                                    \u00fanica dosis                                    <\/td>\n                                <\/tr>\n                                                            <tr>\n                                    <td>12 Meses<\/td>\n                                    \n                                    <td>\n                                    <strong>Triple Viral SRP<\/strong> <br>\n                                    1\u00b0 dosis                                    <\/td>\n                                <\/tr>\n                                                            <tr>\n                                    <td>12 Meses<\/td>\n                                    \n                                    <td>\n                                    <strong>Gripe<\/strong> <br>\n                                    Dosis Anual (F)                                    <\/td>\n                                <\/tr>\n                                                            <tr>\n                                    <td>15 Meses<\/td>\n                                    \n                                    <td>\n                                    <strong>Varicela<\/strong> <br>\n                                    \u00danica dosis                                    <\/td>\n                                <\/tr>\n                                                            <tr>\n                                    <td>15 Meses<\/td>\n                                    \n                                    <td>\n                                    <strong>Meningococo<\/strong> <br>\n                                    Refuerzo                                    <\/td>\n                                <\/tr>\n                                                            <tr>\n                                    <td>15-18 Meses<\/td>\n                                    \n                                    <td>\n                                    <strong>Polio OPV<\/strong> <br>\n                                    1\u00b0 Refuerzo                                    <\/td>\n                                <\/tr>\n                                                            <tr>\n                                    <td>15-18 Meses<\/td>\n                                    \n                                    <td>\n                                    <strong>Pentavalente DTP-Hib-HB<\/strong> <br>\n                                    1\u00b0 Refuerzo                                    <\/td>\n                                <\/tr>\n                                                            <tr>\n                                    <td>5-6 A\u00f1os (ingreso escolar)<\/td>\n                                    \n                                    <td>\n                                    <strong>Polio OPV<\/strong> <br>\n                                    2\u00b0 Refuerzo                                    <\/td>\n                                <\/tr>\n                                                            <tr>\n                                    <td>5-6 A\u00f1os (ingreso escolar)<\/td>\n                                    \n                                    <td>\n                                    <strong>Triple Viral SRP<\/strong> <br>\n                                    2\u00b0dosis                                    <\/td>\n                                <\/tr>\n                                                            <tr>\n                                    <td>5-6 A\u00f1os (ingreso escolar)<\/td>\n                                    \n                                    <td>\n                                    <strong>Triple bacteriana celular DTP<\/strong> <br>\n                                    2\u00b0 Refuerzo                                    <\/td>\n                                <\/tr>\n                                                            <tr>\n                                    <td>11 a\u00f1os<\/td>\n                                    \n                                    <td>\n                                    <strong>HB<\/strong> <br>\n                                    Iniciar o completar esquema C                                    <\/td>\n                                <\/tr>\n                                                            <tr>\n                                    <td>11 a\u00f1os<\/td>\n                                    \n                                    <td>\n                                    <strong>Meningococo<\/strong> <br>\n                                    \u00fanica dosis                                    <\/td>\n                                <\/tr>\n                                                            <tr>\n                                    <td>11 a\u00f1os<\/td>\n                                    \n                                    <td>\n                                    <strong>Triple Viral SRP<\/strong> <br>\n                                    Iniciar o completar esquema (D)                                    <\/td>\n                                <\/tr>\n                                                            <tr>\n                                    <td>11 a\u00f1os<\/td>\n                                    \n                                    <td>\n                                    <strong>Triple bacteriana acelular dTpa<\/strong> <br>\n                                    Refuerzo                                    <\/td>\n                                <\/tr>\n                                                            <tr>\n                                    <td>11 a\u00f1os<\/td>\n                                    \n                                    <td>\n                                    <strong>Virus Papiloma Humano VPH<\/strong> <br>\n                                    2 dosis (\u00d1)                                     <\/td>\n                                <\/tr>\n                                                            <tr>\n                                    <td>Adultos<\/td>\n                                    \n                                    <td>\n                                    <strong>HB<\/strong> <br>\n                                    Iniciar o completar esquema (C)                                    <\/td>\n                                <\/tr>\n                                                            <tr>\n                                    <td>Adultos<\/td>\n                                    \n                                    <td>\n                                    <strong>Triple Viral SRP<\/strong> <br>\n                                    Iniciar o completar esquema (I)                                    <\/td>\n                                <\/tr>\n                                                            <tr>\n                                    <td>Adultos<\/td>\n                                    \n                                    <td>\n                                    <strong>Doble bacteriana dT<\/strong> <br>\n                                    Refuerzo cada 10 a\u00f1os                                    <\/td>\n                                <\/tr>\n                                                            <tr>\n                                    <td>Embarazadas<\/td>\n                                    \n                                    <td>\n                                    <strong>HB<\/strong> <br>\n                                    Iniciar o completar esquema (C)                                    <\/td>\n                                <\/tr>\n                                                            <tr>\n                                    <td>Embarazadas<\/td>\n                                    \n                                    <td>\n                                    <strong>Gripe<\/strong> <br>\n                                    Una dosis (G)                                    <\/td>\n                                <\/tr>\n                                                            <tr>\n                                    <td>Embarazadas<\/td>\n                                    \n                                    <td>\n                                    <strong>Triple bacteriana acelular dTpa<\/strong> <br>\n                                    1 dosis (J)                                    <\/td>\n                                <\/tr>\n                                                            <tr>\n                                    <td>Puerperio<\/td>\n                                    \n                                    <td>\n                                    <strong>Gripe<\/strong> <br>\n                                    Una dosis (H)                                    <\/td>\n                                <\/tr>\n                                                            <tr>\n                                    <td>Puerperio<\/td>\n                                    \n                                    <td>\n                                    <strong>Triple Viral SRP<\/strong> <br>\n                                    Iniciar o completar esquema (I)                                    <\/td>\n                                <\/tr>\n                                                            <tr>\n                                    <td>Personal de Salud<\/td>\n                                    \n                                    <td>\n                                    <strong>Gripe<\/strong> <br>\n                                    Dosis anual                                    <\/td>\n                                <\/tr>\n                                                            <tr>\n                                    <td>Personal de Salud<\/td>\n                                    \n                                    <td>\n                                    <strong>Triple bacteriana acelular dTpa<\/strong> <br>\n                                    Una dosis (K)                                    <\/td>\n                                <\/tr>\n                                                            <tr>\n                                    <td>Personal de Salud<\/td>\n                                    \n                                    <td>\n                                    <strong>Doble Viral SR o Triple Viral SR<\/strong> <br>\n                                    Iniciar o completar esquema (I)                                    <\/td>\n                                <\/tr>\n                                              \n                                                        \n                            <\/tbody>\n                        <\/table>                 \n                    <\/div>\n\n                    <div id=\"notas\">\n                    <ul>\n                       \n","protected":false},"excerpt":{"rendered":"<p>Edad Vacuna Reci\u00e9n nacido BCG \u00danica dosis (A) Reci\u00e9n nacido HB \u00danica dosis (B) 2 Meses Neumococo conjugada 1\u00b0 dosis 2 Meses Pentavalente DTP-Hib-HB 1\u00b0 dosis 2 Meses Polio IPV 1\u00b0 dosis 2 Meses Rotavirus 1\u00b0 dosis (D) 3 Meses Meningococo 1\u00b0 dosis 4 Meses Neumococo conjugada 2\u00b0 dosis 4 Meses Pentavalente DTP-Hib-HB 2\u00b0 dosis [&hellip;]<\/p>\n","protected":false},"author":1,"featured_media":0,"parent":4337,"menu_order":0,"comment_status":"closed","ping_status":"closed","template":"","meta":{"_eb_attr":"","advanced_seo_description":"","jetpack_seo_html_title":"","jetpack_seo_noindex":false,"h5ap_radio_sources":[],"_joinchat":[],"footnotes":""},"class_list":["post-4775","page","type-page","status-publish","hentry"],"jetpack_sharing_enabled":true,"jetpack-related-posts":[{"id":2,"url":"https:\/\/radiobellavista.com.ar\/index.php\/pagina-ejemplo\/","url_meta":{"origin":4775,"position":0},"title":"P\u00e1gina de ejemplo","author":"Administrador","date":"23 de abril de 2025","format":false,"excerpt":"Esta es una p\u00e1gina de ejemplo. Es diferente a una entrada del blog porque permanecer\u00e1 en un solo lugar y aparecer\u00e1 en la navegaci\u00f3n de tu sitio (en la mayor\u00eda de los temas). La mayor\u00eda de las personas comienzan con una p\u00e1gina \u00abAcerca de\u00bb que les presenta a los visitantes\u2026","rel":"","context":"Entrada similar","block_context":{"text":"Entrada similar","link":""},"img":{"alt_text":"","src":"","width":0,"height":0},"classes":[]},{"id":4157,"url":"https:\/\/radiobellavista.com.ar\/index.php\/pagina-ejemplo-2\/","url_meta":{"origin":4775,"position":1},"title":"P\u00e1gina de ejemplo","author":"Administrador","date":"8 de abril de 2021","format":false,"excerpt":"Esta es una p\u00e1gina de ejemplo. Es diferente a una entrada del blog porque permanecer\u00e1 en un solo lugar y aparecer\u00e1 en la navegaci\u00f3n de tu sitio (en la mayor\u00eda de los temas). La mayor\u00eda de las personas comienzan con una p\u00e1gina \u00abAcerca de\u00bb que les presenta a los visitantes\u2026","rel":"","context":"Entrada similar","block_context":{"text":"Entrada similar","link":""},"img":{"alt_text":"","src":"","width":0,"height":0},"classes":[]},{"id":5449,"url":"https:\/\/radiobellavista.com.ar\/index.php\/pagina-ejemplo-3\/","url_meta":{"origin":4775,"position":2},"title":"P\u00e1gina de ejemplo","author":"Administrador","date":"29 de julio de 2024","format":false,"excerpt":"Esta es una p\u00e1gina de ejemplo. Es diferente a una entrada del blog porque permanecer\u00e1 en un solo lugar y aparecer\u00e1 en la navegaci\u00f3n de tu sitio (en la mayor\u00eda de los temas). La mayor\u00eda de las personas comienzan con una p\u00e1gina \u00abAcerca de\u00bb que les presenta a los visitantes\u2026","rel":"","context":"Entrada similar","block_context":{"text":"Entrada similar","link":""},"img":{"alt_text":"","src":"","width":0,"height":0},"classes":[]},{"id":5350,"url":"https:\/\/radiobellavista.com.ar\/index.php\/podcast\/fiestas-patrias\/","url_meta":{"origin":4775,"position":3},"title":"Fiestas Patrias","author":"Administrador","date":"3 de febrero de 2025","format":false,"excerpt":"El 25 de Febrero de 1778, nace en Yapey\u00fa el General Jos\u00e9 de San Mart\u00edn.Libertador de Sud Am\u00e9rica, luch\u00f3 por la libertad de su pueblo y su continente, promovi\u00f3 la igualdad entre todas las razas y libert\u00f3 medio continente. Fue el m\u00e1ximo h\u00e9roe de nuestra independencia del Imperio Espa\u00f1ol. Este\u2026","rel":"","context":"Entrada similar","block_context":{"text":"Entrada similar","link":""},"img":{"alt_text":"","src":"","width":0,"height":0},"classes":[]},{"id":5094,"url":"https:\/\/radiobellavista.com.ar\/index.php\/podcast\/5094-2\/","url_meta":{"origin":4775,"position":4},"title":"D\u00eda del Perro en honor a Chonino","author":"Administrador","date":"22 de agosto de 2024","format":false,"excerpt":"Chonino fue un perro argentino de raza Ovejero Alem\u00e1n de pelo largo\u200b que perteneci\u00f3 a la Polic\u00eda Federal Argentina, recordado por ser el \u00fanico que muri\u00f3 en acci\u00f3n en toda la historia de la Fuerza, y que por su valent\u00eda y sacrificio se conmemora el \"D\u00eda Nacional del Perro\"\u200b\u200b el\u2026","rel":"","context":"Entrada similar","block_context":{"text":"Entrada similar","link":""},"img":{"alt_text":"","src":"https:\/\/i0.wp.com\/radiobellavista.com.ar\/wp-content\/uploads\/2024\/08\/chonino.png?resize=350%2C200","width":350,"height":200},"classes":[]}],"jetpack_shortlink":"https:\/\/wp.me\/Pgv48F-1f1","_links":{"self":[{"href":"https:\/\/radiobellavista.com.ar\/index.php\/wp-json\/wp\/v2\/pages\/4775","targetHints":{"allow":["GET"]}}],"collection":[{"href":"https:\/\/radiobellavista.com.ar\/index.php\/wp-json\/wp\/v2\/pages"}],"about":[{"href":"https:\/\/radiobellavista.com.ar\/index.php\/wp-json\/wp\/v2\/types\/page"}],"author":[{"embeddable":true,"href":"https:\/\/radiobellavista.com.ar\/index.php\/wp-json\/wp\/v2\/users\/1"}],"replies":[{"embeddable":true,"href":"https:\/\/radiobellavista.com.ar\/index.php\/wp-json\/wp\/v2\/comments?post=4775"}],"version-history":[{"count":0,"href":"https:\/\/radiobellavista.com.ar\/index.php\/wp-json\/wp\/v2\/pages\/4775\/revisions"}],"up":[{"embeddable":true,"href":"https:\/\/radiobellavista.com.ar\/index.php\/wp-json\/wp\/v2\/pages\/4337"}],"wp:attachment":[{"href":"https:\/\/radiobellavista.com.ar\/index.php\/wp-json\/wp\/v2\/media?parent=4775"}],"curies":[{"name":"wp","href":"https:\/\/api.w.org\/{rel}","templated":true}]}}