{"id":4897,"date":"2024-08-01T17:32:21","date_gmt":"2024-08-01T15:32:21","guid":{"rendered":"https:\/\/radiobellavista.ar\/?page_id=4897"},"modified":"2024-08-01T17:32:21","modified_gmt":"2024-08-01T15:32:21","slug":"comunidad-bvta","status":"publish","type":"page","link":"https:\/\/radiobellavista.com.ar\/index.php\/comunidad-bvta\/","title":{"rendered":"Comunidad RadioBellaVista"},"content":{"rendered":"\n<div class=\"wp-block-media-text is-stacked-on-mobile\" style=\"grid-template-columns:22% auto\"><figure class=\"wp-block-media-text__media\"><img data-recalc-dims=\"1\" loading=\"lazy\" decoding=\"async\" width=\"330\" height=\"330\" data-attachment-id=\"4901\" data-permalink=\"https:\/\/radiobellavista.com.ar\/index.php\/comunidad-bvta\/logo-radio-3\/\" data-orig-file=\"https:\/\/i0.wp.com\/radiobellavista.com.ar\/wp-content\/uploads\/2024\/08\/logo-radio-1.png?fit=330%2C330&amp;ssl=1\" data-orig-size=\"330,330\" data-comments-opened=\"1\" data-image-meta=\"{&quot;aperture&quot;:&quot;0&quot;,&quot;credit&quot;:&quot;&quot;,&quot;camera&quot;:&quot;&quot;,&quot;caption&quot;:&quot;&quot;,&quot;created_timestamp&quot;:&quot;0&quot;,&quot;copyright&quot;:&quot;&quot;,&quot;focal_length&quot;:&quot;0&quot;,&quot;iso&quot;:&quot;0&quot;,&quot;shutter_speed&quot;:&quot;0&quot;,&quot;title&quot;:&quot;&quot;,&quot;orientation&quot;:&quot;0&quot;}\" data-image-title=\"logo radio\" data-image-description=\"\" data-image-caption=\"\" data-medium-file=\"https:\/\/i0.wp.com\/radiobellavista.com.ar\/wp-content\/uploads\/2024\/08\/logo-radio-1.png?fit=300%2C300&amp;ssl=1\" data-large-file=\"https:\/\/i0.wp.com\/radiobellavista.com.ar\/wp-content\/uploads\/2024\/08\/logo-radio-1.png?fit=330%2C330&amp;ssl=1\" src=\"https:\/\/i0.wp.com\/radiobellavista.com.ar\/wp-content\/uploads\/2024\/08\/logo-radio-1.png?resize=330%2C330&#038;ssl=1\" alt=\"\" class=\"wp-image-4901 size-full\"\/><\/figure><div class=\"wp-block-media-text__content\">\n<p class=\"has-black-color has-text-color has-link-color has-small-font-size wp-elements-c5e55107fdd52de59424619e25abe93e\"><strong>Con el objetivo de apoyar a nuestra comunidad, hemos creado Este Espacio gratuito para promocionar comercios, pymes, talleres de artesanos y otros negocios locales. <\/strong><\/p>\n\n\n\n<p class=\"has-black-color has-text-color has-link-color has-small-font-size wp-elements-1f1957e5e1a27affea7719a6344fe4bf\"><strong><em>Para acceder, simplemente env\u00eda un mensaje de WhatsApp al 11-3805-2424. Solo necesitas agregar un logo y una breve descripci\u00f3n de tus servicios o productos. Esperamos que esta iniciativa de RADIO BELLA VISTA sea una oportunidad valiosa para todos.<\/em><\/strong><\/p>\n<\/div><\/div>\n\n\n\n<ul class=\"wp-block-list\"><\/ul>\n\n\n\n<p><\/p>\n","protected":false},"excerpt":{"rendered":"<p>Con el objetivo de apoyar a nuestra comunidad, hemos creado Este Espacio gratuito para promocionar comercios, pymes, talleres de artesanos y otros negocios locales. Para acceder, simplemente env\u00eda un mensaje de WhatsApp al 11-3805-2424. Solo necesitas agregar un logo y una breve descripci\u00f3n de tus servicios o productos. Esperamos que esta iniciativa de RADIO BELLA [&hellip;]<\/p>\n","protected":false},"author":1,"featured_media":0,"parent":0,"menu_order":0,"comment_status":"closed","ping_status":"closed","template":"","meta":{"_eb_attr":"","advanced_seo_description":"","jetpack_seo_html_title":"","jetpack_seo_noindex":false,"h5ap_radio_sources":[],"_joinchat":[],"footnotes":""},"class_list":["post-4897","page","type-page","status-publish","hentry"],"jetpack_sharing_enabled":true,"jetpack-related-posts":[{"id":4965,"url":"https:\/\/radiobellavista.com.ar\/index.php\/comunidad-bvta\/pasteleria\/","url_meta":{"origin":4897,"position":0},"title":"Pasteleria","author":"Administrador","date":"1 de agosto de 2024","format":false,"excerpt":"Mi Bella Mandolina Queremos que tu reuni\u00f3n o cumplea\u00f1os tenga una hermosa torta y ricos dulces, \u00a1con la dedicaci\u00f3n y el sabor de lo casero, y hecho con amor!. Hace tu Pedido Ac\u00e1","rel":"","context":"Entrada similar","block_context":{"text":"Entrada similar","link":""},"img":{"alt_text":"","src":"https:\/\/i0.wp.com\/radiobellavista.com.ar\/wp-content\/uploads\/2024\/08\/mi-bella-mandolina.jpg?resize=350%2C200&ssl=1","width":350,"height":200,"srcset":"https:\/\/i0.wp.com\/radiobellavista.com.ar\/wp-content\/uploads\/2024\/08\/mi-bella-mandolina.jpg?resize=350%2C200&ssl=1 1x, https:\/\/i0.wp.com\/radiobellavista.com.ar\/wp-content\/uploads\/2024\/08\/mi-bella-mandolina.jpg?resize=525%2C300&ssl=1 1.5x, https:\/\/i0.wp.com\/radiobellavista.com.ar\/wp-content\/uploads\/2024\/08\/mi-bella-mandolina.jpg?resize=700%2C400&ssl=1 2x"},"classes":[]},{"id":5223,"url":"https:\/\/radiobellavista.com.ar\/index.php\/comunidad-bvta\/m\/","url_meta":{"origin":4897,"position":1},"title":"Odontolog\u00eda","author":"Administrador","date":"14 de noviembre de 2024","format":false,"excerpt":"Consultorio Odontol\u00f3gico Kundalini Somos un Equipo de Profesionales que brindamos Atenci\u00f3n Odontol\u00f3gica personalizada e Integral. Pres. Rivadavia 393 Jos\u00e9 Clemente Paz Solicita Tu Turno","rel":"","context":"Entrada similar","block_context":{"text":"Entrada similar","link":""},"img":{"alt_text":"","src":"https:\/\/i0.wp.com\/radiobellavista.com.ar\/wp-content\/uploads\/2024\/11\/Logo-Kundalini.png?resize=350%2C200&ssl=1","width":350,"height":200,"srcset":"https:\/\/i0.wp.com\/radiobellavista.com.ar\/wp-content\/uploads\/2024\/11\/Logo-Kundalini.png?resize=350%2C200&ssl=1 1x, https:\/\/i0.wp.com\/radiobellavista.com.ar\/wp-content\/uploads\/2024\/11\/Logo-Kundalini.png?resize=525%2C300&ssl=1 1.5x, https:\/\/i0.wp.com\/radiobellavista.com.ar\/wp-content\/uploads\/2024\/11\/Logo-Kundalini.png?resize=700%2C400&ssl=1 2x, https:\/\/i0.wp.com\/radiobellavista.com.ar\/wp-content\/uploads\/2024\/11\/Logo-Kundalini.png?resize=1050%2C600&ssl=1 3x, https:\/\/i0.wp.com\/radiobellavista.com.ar\/wp-content\/uploads\/2024\/11\/Logo-Kundalini.png?resize=1400%2C800&ssl=1 4x"},"classes":[]},{"id":4960,"url":"https:\/\/radiobellavista.com.ar\/index.php\/comunidad-bvta\/centros-de-estetica\/","url_meta":{"origin":4897,"position":2},"title":"Centros de Est\u00e9tica","author":"Administrador","date":"1 de agosto de 2024","format":false,"excerpt":"Centro de est\u00e9tica Silvia di Benedetto Amplia Trayectoria, Calidad y Experiencia. Tratamientos Faciales y Corporales, Aparatolog\u00eda Te Esperamos en Avda. Mattaldi 998, Bella Vista Solicita tu Turno Ac\u00e1","rel":"","context":"Entrada similar","block_context":{"text":"Entrada similar","link":""},"img":{"alt_text":"","src":"https:\/\/i0.wp.com\/radiobellavista.com.ar\/wp-content\/uploads\/2025\/04\/Centro-de-estetica.webp?resize=350%2C200&ssl=1","width":350,"height":200,"srcset":"https:\/\/i0.wp.com\/radiobellavista.com.ar\/wp-content\/uploads\/2025\/04\/Centro-de-estetica.webp?resize=350%2C200&ssl=1 1x, https:\/\/i0.wp.com\/radiobellavista.com.ar\/wp-content\/uploads\/2025\/04\/Centro-de-estetica.webp?resize=525%2C300&ssl=1 1.5x"},"classes":[]},{"id":4988,"url":"https:\/\/radiobellavista.com.ar\/index.php\/comunidad-bvta\/impresion-digital\/","url_meta":{"origin":4897,"position":3},"title":"Impresi\u00f3n Digital","author":"Administrador","date":"2 de agosto de 2024","format":false,"excerpt":"Pao Sublimaci\u00f3n Personalizaci\u00f3n de productos; tazas, gorras, platos, medalla para mascotas, cucharas, ropa en general. Sublimaci\u00f3n y vinilos; vinilos para ropa, frascos, vidrieras y mucho m\u00e1s. Hace tu Pedido Ac\u00e1","rel":"","context":"Entrada similar","block_context":{"text":"Entrada similar","link":""},"img":{"alt_text":"","src":"https:\/\/i0.wp.com\/radiobellavista.com.ar\/wp-content\/uploads\/2024\/07\/pao-sublimacion.png?resize=350%2C200&ssl=1","width":350,"height":200,"srcset":"https:\/\/i0.wp.com\/radiobellavista.com.ar\/wp-content\/uploads\/2024\/07\/pao-sublimacion.png?resize=350%2C200&ssl=1 1x, https:\/\/i0.wp.com\/radiobellavista.com.ar\/wp-content\/uploads\/2024\/07\/pao-sublimacion.png?resize=525%2C300&ssl=1 1.5x, https:\/\/i0.wp.com\/radiobellavista.com.ar\/wp-content\/uploads\/2024\/07\/pao-sublimacion.png?resize=700%2C400&ssl=1 2x, https:\/\/i0.wp.com\/radiobellavista.com.ar\/wp-content\/uploads\/2024\/07\/pao-sublimacion.png?resize=1050%2C600&ssl=1 3x"},"classes":[]},{"id":4904,"url":"https:\/\/radiobellavista.com.ar\/index.php\/comunidad-bvta\/almacen\/","url_meta":{"origin":4897,"position":4},"title":"Almac\u00e9n","author":"Administrador","date":"1 de agosto de 2024","format":false,"excerpt":"Despensa Beto Te espera con los mejores productos y precios en Avenida Mattaldi 968 de Bella Vista.Abre de lunes a s\u00e1bado de 09:00 a 14:30 y de 16:00 a 20:00 horas.Domingos y feriados de 09 a 13:30 Hs.","rel":"","context":"Entrada similar","block_context":{"text":"Entrada similar","link":""},"img":{"alt_text":"","src":"https:\/\/i0.wp.com\/radiobellavista.com.ar\/wp-content\/uploads\/2024\/08\/despesa-beto.png?resize=350%2C200&ssl=1","width":350,"height":200,"srcset":"https:\/\/i0.wp.com\/radiobellavista.com.ar\/wp-content\/uploads\/2024\/08\/despesa-beto.png?resize=350%2C200&ssl=1 1x, https:\/\/i0.wp.com\/radiobellavista.com.ar\/wp-content\/uploads\/2024\/08\/despesa-beto.png?resize=525%2C300&ssl=1 1.5x, https:\/\/i0.wp.com\/radiobellavista.com.ar\/wp-content\/uploads\/2024\/08\/despesa-beto.png?resize=700%2C400&ssl=1 2x"},"classes":[]},{"id":4957,"url":"https:\/\/radiobellavista.com.ar\/index.php\/comunidad-bvta\/carniceria-polleria\/","url_meta":{"origin":4897,"position":5},"title":"Carnicer\u00eda &#8211; Polleria","author":"Administrador","date":"1 de agosto de 2024","format":false,"excerpt":"Carnicer\u00eda T\u00e1mara calidad, y excelentes precios. En Carnes de Ternera, pollos de campo, Lech\u00f3n, Chivitos y Achuras. No podes dejar de comprar en Carnicer\u00eda T\u00e1mara. Te esperamos en Tucum\u00e1n 799 Bella Vista, Tel\u00e9fono 11 4668-4511","rel":"","context":"Entrada similar","block_context":{"text":"Entrada similar","link":""},"img":{"alt_text":"","src":"https:\/\/i0.wp.com\/radiobellavista.com.ar\/wp-content\/uploads\/2024\/08\/Caniceria-Tamara-1.png?resize=350%2C200&ssl=1","width":350,"height":200,"srcset":"https:\/\/i0.wp.com\/radiobellavista.com.ar\/wp-content\/uploads\/2024\/08\/Caniceria-Tamara-1.png?resize=350%2C200&ssl=1 1x, https:\/\/i0.wp.com\/radiobellavista.com.ar\/wp-content\/uploads\/2024\/08\/Caniceria-Tamara-1.png?resize=525%2C300&ssl=1 1.5x"},"classes":[]}],"jetpack_shortlink":"https:\/\/wp.me\/Pgv48F-1gZ","_links":{"self":[{"href":"https:\/\/radiobellavista.com.ar\/index.php\/wp-json\/wp\/v2\/pages\/4897","targetHints":{"allow":["GET"]}}],"collection":[{"href":"https:\/\/radiobellavista.com.ar\/index.php\/wp-json\/wp\/v2\/pages"}],"about":[{"href":"https:\/\/radiobellavista.com.ar\/index.php\/wp-json\/wp\/v2\/types\/page"}],"author":[{"embeddable":true,"href":"https:\/\/radiobellavista.com.ar\/index.php\/wp-json\/wp\/v2\/users\/1"}],"replies":[{"embeddable":true,"href":"https:\/\/radiobellavista.com.ar\/index.php\/wp-json\/wp\/v2\/comments?post=4897"}],"version-history":[{"count":0,"href":"https:\/\/radiobellavista.com.ar\/index.php\/wp-json\/wp\/v2\/pages\/4897\/revisions"}],"wp:attachment":[{"href":"https:\/\/radiobellavista.com.ar\/index.php\/wp-json\/wp\/v2\/media?parent=4897"}],"curies":[{"name":"wp","href":"https:\/\/api.w.org\/{rel}","templated":true}]}}