{"id":4904,"date":"2024-08-01T18:02:19","date_gmt":"2024-08-01T16:02:19","guid":{"rendered":"https:\/\/radiobellavista.ar\/?page_id=4904"},"modified":"2025-04-23T17:37:01","modified_gmt":"2025-04-23T15:37:01","slug":"almacen","status":"publish","type":"page","link":"https:\/\/radiobellavista.com.ar\/index.php\/comunidad-bvta\/almacen\/","title":{"rendered":"Almac\u00e9n"},"content":{"rendered":"\n<div class=\"wp-block-media-text is-stacked-on-mobile\" style=\"grid-template-columns:33% auto\"><figure class=\"wp-block-media-text__media\"><img data-recalc-dims=\"1\" loading=\"lazy\" decoding=\"async\" width=\"656\" height=\"415\" data-attachment-id=\"4905\" data-permalink=\"https:\/\/radiobellavista.com.ar\/index.php\/comunidad-bvta\/almacen\/despesa-beto\/\" data-orig-file=\"https:\/\/i0.wp.com\/radiobellavista.com.ar\/wp-content\/uploads\/2024\/08\/despesa-beto.png?fit=994%2C629&amp;ssl=1\" data-orig-size=\"994,629\" data-comments-opened=\"1\" data-image-meta=\"{&quot;aperture&quot;:&quot;0&quot;,&quot;credit&quot;:&quot;&quot;,&quot;camera&quot;:&quot;&quot;,&quot;caption&quot;:&quot;&quot;,&quot;created_timestamp&quot;:&quot;0&quot;,&quot;copyright&quot;:&quot;&quot;,&quot;focal_length&quot;:&quot;0&quot;,&quot;iso&quot;:&quot;0&quot;,&quot;shutter_speed&quot;:&quot;0&quot;,&quot;title&quot;:&quot;&quot;,&quot;orientation&quot;:&quot;0&quot;}\" data-image-title=\"despesa beto\" data-image-description=\"\" data-image-caption=\"\" data-medium-file=\"https:\/\/i0.wp.com\/radiobellavista.com.ar\/wp-content\/uploads\/2024\/08\/despesa-beto.png?fit=300%2C190&amp;ssl=1\" data-large-file=\"https:\/\/i0.wp.com\/radiobellavista.com.ar\/wp-content\/uploads\/2024\/08\/despesa-beto.png?fit=656%2C415&amp;ssl=1\" src=\"https:\/\/i0.wp.com\/radiobellavista.com.ar\/wp-content\/uploads\/2024\/08\/despesa-beto.png?resize=656%2C415&#038;ssl=1\" alt=\"\" class=\"wp-image-4905 size-full\"\/><\/figure><div class=\"wp-block-media-text__content\">\n<p class=\"has-text-align-center has-large-font-size\"><strong>Despensa Beto<\/strong><\/p>\n\n\n\n<p class=\"has-text-align-center has-medium-font-size\"><em>Te espera con los mejores productos y precios en Avenida Mattaldi 968 de Bella Vista.<br>Abre de lunes a s\u00e1bado de 09:00 a 14:30 y de 16:00 a 20:00 horas.<br>Domingos y feriados de 09 a 13:30 Hs.<\/em><\/p>\n<\/div><\/div>\n\n\n\n<p><\/p>\n","protected":false},"excerpt":{"rendered":"<p>Despensa Beto Te espera con los mejores productos y precios en Avenida Mattaldi 968 de Bella Vista.Abre de lunes a s\u00e1bado de 09:00 a 14:30 y de 16:00 a 20:00 horas.Domingos y feriados de 09 a 13:30 Hs.<\/p>\n","protected":false},"author":1,"featured_media":0,"parent":4897,"menu_order":0,"comment_status":"closed","ping_status":"closed","template":"","meta":{"_eb_attr":"","advanced_seo_description":"","jetpack_seo_html_title":"","jetpack_seo_noindex":false,"h5ap_radio_sources":[],"_joinchat":[],"footnotes":""},"class_list":["post-4904","page","type-page","status-publish","hentry"],"jetpack_sharing_enabled":true,"jetpack-related-posts":[{"id":5106,"url":"https:\/\/radiobellavista.com.ar\/index.php\/podcast\/fiestas-patrias\/homenaje-a-los-heroes-del-buque-ara-gral-belgrano\/","url_meta":{"origin":4904,"position":0},"title":"Homenaje a los H\u00e9roes del Ara Gral Belgrano","author":"Administrador","date":"22 de agosto de 2024","format":false,"excerpt":"2 de Mayo 1982 Lat 55\u00ba 24\u00b4S Long 61\u00ba 32\u00b4W 17:00Es Preferible Irse a Pique Antes que Rendir el Pabell\u00f3n.Gloria y Honor a Nuestros H\u00e9roes","rel":"","context":"Entrada similar","block_context":{"text":"Entrada similar","link":""},"img":{"alt_text":"","src":"https:\/\/i0.wp.com\/radiobellavista.com.ar\/wp-content\/uploads\/2024\/08\/ARA-Gral-Belgrano.webp?resize=350%2C200&ssl=1","width":350,"height":200,"srcset":"https:\/\/i0.wp.com\/radiobellavista.com.ar\/wp-content\/uploads\/2024\/08\/ARA-Gral-Belgrano.webp?resize=350%2C200&ssl=1 1x, https:\/\/i0.wp.com\/radiobellavista.com.ar\/wp-content\/uploads\/2024\/08\/ARA-Gral-Belgrano.webp?resize=525%2C300&ssl=1 1.5x, https:\/\/i0.wp.com\/radiobellavista.com.ar\/wp-content\/uploads\/2024\/08\/ARA-Gral-Belgrano.webp?resize=700%2C400&ssl=1 2x, https:\/\/i0.wp.com\/radiobellavista.com.ar\/wp-content\/uploads\/2024\/08\/ARA-Gral-Belgrano.webp?resize=1050%2C600&ssl=1 3x"},"classes":[]},{"id":5350,"url":"https:\/\/radiobellavista.com.ar\/index.php\/podcast\/fiestas-patrias\/","url_meta":{"origin":4904,"position":1},"title":"Fiestas Patrias","author":"Administrador","date":"3 de febrero de 2025","format":false,"excerpt":"El 25 de Febrero de 1778, nace en Yapey\u00fa el General Jos\u00e9 de San Mart\u00edn.Libertador de Sud Am\u00e9rica, luch\u00f3 por la libertad de su pueblo y su continente, promovi\u00f3 la igualdad entre todas las razas y libert\u00f3 medio continente. Fue el m\u00e1ximo h\u00e9roe de nuestra independencia del Imperio Espa\u00f1ol. Este\u2026","rel":"","context":"Entrada similar","block_context":{"text":"Entrada similar","link":""},"img":{"alt_text":"","src":"","width":0,"height":0},"classes":[]},{"id":5316,"url":"https:\/\/radiobellavista.com.ar\/index.php\/podcast\/prana-y-armonia\/","url_meta":{"origin":4904,"position":2},"title":"Prana Y Armonia","author":"Administrador","date":"25 de enero de 2025","format":false,"excerpt":"Es un espacio que se dise\u00f1a para que las personas que lo visitan se sientan c\u00f3modas, tranquilas y saludables. El dise\u00f1o hol\u00edstico considera el espacio como un todo, no solo su aspecto visual, sino tambi\u00e9n c\u00f3mo afecta las emociones, la mente y el cuerpo Entrevistas Liliana Gonzales 25-01-2025 Reflexiones 26-01-2025\u2026","rel":"","context":"Entrada similar","block_context":{"text":"Entrada similar","link":""},"img":{"alt_text":"","src":"https:\/\/i0.wp.com\/radiobellavista.com.ar\/wp-content\/uploads\/2025\/02\/logo-Espacio-Holistico-Prana.png?resize=350%2C200&ssl=1","width":350,"height":200},"classes":[]}],"jetpack_shortlink":"https:\/\/wp.me\/Pgv48F-1h6","_links":{"self":[{"href":"https:\/\/radiobellavista.com.ar\/index.php\/wp-json\/wp\/v2\/pages\/4904","targetHints":{"allow":["GET"]}}],"collection":[{"href":"https:\/\/radiobellavista.com.ar\/index.php\/wp-json\/wp\/v2\/pages"}],"about":[{"href":"https:\/\/radiobellavista.com.ar\/index.php\/wp-json\/wp\/v2\/types\/page"}],"author":[{"embeddable":true,"href":"https:\/\/radiobellavista.com.ar\/index.php\/wp-json\/wp\/v2\/users\/1"}],"replies":[{"embeddable":true,"href":"https:\/\/radiobellavista.com.ar\/index.php\/wp-json\/wp\/v2\/comments?post=4904"}],"version-history":[{"count":2,"href":"https:\/\/radiobellavista.com.ar\/index.php\/wp-json\/wp\/v2\/pages\/4904\/revisions"}],"predecessor-version":[{"id":5556,"href":"https:\/\/radiobellavista.com.ar\/index.php\/wp-json\/wp\/v2\/pages\/4904\/revisions\/5556"}],"up":[{"embeddable":true,"href":"https:\/\/radiobellavista.com.ar\/index.php\/wp-json\/wp\/v2\/pages\/4897"}],"wp:attachment":[{"href":"https:\/\/radiobellavista.com.ar\/index.php\/wp-json\/wp\/v2\/media?parent=4904"}],"curies":[{"name":"wp","href":"https:\/\/api.w.org\/{rel}","templated":true}]}}