{"id":4957,"date":"2024-08-01T20:21:20","date_gmt":"2024-08-01T18:21:20","guid":{"rendered":"https:\/\/radiobellavista.ar\/?page_id=4957"},"modified":"2024-08-01T20:21:20","modified_gmt":"2024-08-01T18:21:20","slug":"carniceria-polleria","status":"publish","type":"page","link":"https:\/\/radiobellavista.com.ar\/index.php\/comunidad-bvta\/carniceria-polleria\/","title":{"rendered":"Carnicer\u00eda &#8211; Polleria"},"content":{"rendered":"\n<p> <\/p>\n\n\n\n<div class=\"wp-block-media-text is-stacked-on-mobile\" style=\"grid-template-columns:37% auto\"><figure class=\"wp-block-media-text__media\"><img data-recalc-dims=\"1\" loading=\"lazy\" decoding=\"async\" width=\"654\" height=\"460\" data-attachment-id=\"4912\" data-permalink=\"https:\/\/radiobellavista.com.ar\/caniceria-tamara-2\/\" data-orig-file=\"https:\/\/i0.wp.com\/radiobellavista.com.ar\/wp-content\/uploads\/2024\/08\/Caniceria-Tamara-1.png?fit=654%2C460&amp;ssl=1\" data-orig-size=\"654,460\" data-comments-opened=\"1\" data-image-meta=\"{&quot;aperture&quot;:&quot;0&quot;,&quot;credit&quot;:&quot;&quot;,&quot;camera&quot;:&quot;&quot;,&quot;caption&quot;:&quot;&quot;,&quot;created_timestamp&quot;:&quot;0&quot;,&quot;copyright&quot;:&quot;&quot;,&quot;focal_length&quot;:&quot;0&quot;,&quot;iso&quot;:&quot;0&quot;,&quot;shutter_speed&quot;:&quot;0&quot;,&quot;title&quot;:&quot;&quot;,&quot;orientation&quot;:&quot;0&quot;}\" data-image-title=\"Caniceria Tamara\" data-image-description=\"\" data-image-caption=\"\" data-medium-file=\"https:\/\/i0.wp.com\/radiobellavista.com.ar\/wp-content\/uploads\/2024\/08\/Caniceria-Tamara-1.png?fit=300%2C211&amp;ssl=1\" data-large-file=\"https:\/\/i0.wp.com\/radiobellavista.com.ar\/wp-content\/uploads\/2024\/08\/Caniceria-Tamara-1.png?fit=654%2C460&amp;ssl=1\" src=\"https:\/\/i0.wp.com\/radiobellavista.com.ar\/wp-content\/uploads\/2024\/08\/Caniceria-Tamara-1.png?resize=654%2C460&#038;ssl=1\" alt=\"\" class=\"wp-image-4912 size-full\"\/><\/figure><div class=\"wp-block-media-text__content\">\n<p class=\"has-text-align-center has-vivid-red-color has-text-color has-link-color has-large-font-size wp-elements-6c6c327b1bd09871c85d4420ce00d153\"><strong><em>Carnicer\u00eda T\u00e1mara<\/em><\/strong><\/p>\n\n\n\n<p><strong>calidad, y excelentes precios. En Carnes de Ternera, pollos de campo, Lech\u00f3n, Chivitos y Achuras. No podes dejar de comprar en Carnicer\u00eda T\u00e1mara<\/strong>. <strong>Te esperamos en Tucum\u00e1n 799 Bella Vista, <\/strong><\/p>\n\n\n\n<p class=\"has-text-align-center\"><strong>Tel\u00e9fono 11 4668-4511<\/strong><\/p>\n<\/div><\/div>\n\n\n\n<p><\/p>\n","protected":false},"excerpt":{"rendered":"<p>Carnicer\u00eda T\u00e1mara calidad, y excelentes precios. En Carnes de Ternera, pollos de campo, Lech\u00f3n, Chivitos y Achuras. No podes dejar de comprar en Carnicer\u00eda T\u00e1mara. Te esperamos en Tucum\u00e1n 799 Bella Vista, Tel\u00e9fono 11 4668-4511<\/p>\n","protected":false},"author":1,"featured_media":0,"parent":4897,"menu_order":0,"comment_status":"closed","ping_status":"closed","template":"","meta":{"_eb_attr":"","advanced_seo_description":"","jetpack_seo_html_title":"","jetpack_seo_noindex":false,"h5ap_radio_sources":[],"_joinchat":[],"footnotes":""},"class_list":["post-4957","page","type-page","status-publish","hentry"],"jetpack_sharing_enabled":true,"jetpack-related-posts":[{"id":4857,"url":"https:\/\/radiobellavista.com.ar\/index.php\/comercios\/","url_meta":{"origin":4957,"position":0},"title":"Comunidad RadioBellaVista.","author":"Administrador","date":"31 de julio de 2024","format":false,"excerpt":"RadioBellaVista con motivo de ayudar a nuestra comunidad generamos este Espacio. Si sos due\u00f1o de un Comercio.Podes darte de alta enviando un WhatsApp con tus datos al 11 3805-2424 Centro de est\u00e9tica Silvia di Benedetto masajes descontracturantes, relajantes, dermopigmentacion en cejas ojos y labios. Avenida Mattaldi 998 , Bella Vista\u2026","rel":"","context":"Entrada similar","block_context":{"text":"Entrada similar","link":""},"img":{"alt_text":"","src":"https:\/\/i0.wp.com\/radiobellavista.com.ar\/wp-content\/uploads\/2024\/07\/pao-sublimacion.png?resize=350%2C200&ssl=1","width":350,"height":200,"srcset":"https:\/\/i0.wp.com\/radiobellavista.com.ar\/wp-content\/uploads\/2024\/07\/pao-sublimacion.png?resize=350%2C200&ssl=1 1x, https:\/\/i0.wp.com\/radiobellavista.com.ar\/wp-content\/uploads\/2024\/07\/pao-sublimacion.png?resize=525%2C300&ssl=1 1.5x, https:\/\/i0.wp.com\/radiobellavista.com.ar\/wp-content\/uploads\/2024\/07\/pao-sublimacion.png?resize=700%2C400&ssl=1 2x, https:\/\/i0.wp.com\/radiobellavista.com.ar\/wp-content\/uploads\/2024\/07\/pao-sublimacion.png?resize=1050%2C600&ssl=1 3x"},"classes":[]}],"jetpack_shortlink":"https:\/\/wp.me\/Pgv48F-1hX","_links":{"self":[{"href":"https:\/\/radiobellavista.com.ar\/index.php\/wp-json\/wp\/v2\/pages\/4957","targetHints":{"allow":["GET"]}}],"collection":[{"href":"https:\/\/radiobellavista.com.ar\/index.php\/wp-json\/wp\/v2\/pages"}],"about":[{"href":"https:\/\/radiobellavista.com.ar\/index.php\/wp-json\/wp\/v2\/types\/page"}],"author":[{"embeddable":true,"href":"https:\/\/radiobellavista.com.ar\/index.php\/wp-json\/wp\/v2\/users\/1"}],"replies":[{"embeddable":true,"href":"https:\/\/radiobellavista.com.ar\/index.php\/wp-json\/wp\/v2\/comments?post=4957"}],"version-history":[{"count":0,"href":"https:\/\/radiobellavista.com.ar\/index.php\/wp-json\/wp\/v2\/pages\/4957\/revisions"}],"up":[{"embeddable":true,"href":"https:\/\/radiobellavista.com.ar\/index.php\/wp-json\/wp\/v2\/pages\/4897"}],"wp:attachment":[{"href":"https:\/\/radiobellavista.com.ar\/index.php\/wp-json\/wp\/v2\/media?parent=4957"}],"curies":[{"name":"wp","href":"https:\/\/api.w.org\/{rel}","templated":true}]}}