{"id":4960,"date":"2024-08-01T20:22:25","date_gmt":"2024-08-01T18:22:25","guid":{"rendered":"https:\/\/radiobellavista.ar\/?page_id=4960"},"modified":"2025-04-23T23:15:27","modified_gmt":"2025-04-23T21:15:27","slug":"centros-de-estetica","status":"publish","type":"page","link":"https:\/\/radiobellavista.com.ar\/index.php\/comunidad-bvta\/centros-de-estetica\/","title":{"rendered":"Centros de Est\u00e9tica"},"content":{"rendered":"\n<div class=\"wp-block-media-text is-stacked-on-mobile\" style=\"grid-template-columns:36% auto\"><figure class=\"wp-block-media-text__media\"><img data-recalc-dims=\"1\" loading=\"lazy\" decoding=\"async\" width=\"656\" height=\"398\" data-attachment-id=\"5600\" data-permalink=\"https:\/\/radiobellavista.com.ar\/centro-de-estetica-2\/\" data-orig-file=\"https:\/\/i0.wp.com\/radiobellavista.com.ar\/wp-content\/uploads\/2025\/04\/Centro-de-estetica.webp?fit=656%2C398&amp;ssl=1\" data-orig-size=\"656,398\" data-comments-opened=\"1\" data-image-meta=\"{&quot;aperture&quot;:&quot;0&quot;,&quot;credit&quot;:&quot;&quot;,&quot;camera&quot;:&quot;&quot;,&quot;caption&quot;:&quot;&quot;,&quot;created_timestamp&quot;:&quot;0&quot;,&quot;copyright&quot;:&quot;&quot;,&quot;focal_length&quot;:&quot;0&quot;,&quot;iso&quot;:&quot;0&quot;,&quot;shutter_speed&quot;:&quot;0&quot;,&quot;title&quot;:&quot;&quot;,&quot;orientation&quot;:&quot;0&quot;}\" data-image-title=\"Centro-de-estetica\" data-image-description=\"\" data-image-caption=\"\" data-medium-file=\"https:\/\/i0.wp.com\/radiobellavista.com.ar\/wp-content\/uploads\/2025\/04\/Centro-de-estetica.webp?fit=300%2C182&amp;ssl=1\" data-large-file=\"https:\/\/i0.wp.com\/radiobellavista.com.ar\/wp-content\/uploads\/2025\/04\/Centro-de-estetica.webp?fit=656%2C398&amp;ssl=1\" src=\"https:\/\/i0.wp.com\/radiobellavista.com.ar\/wp-content\/uploads\/2025\/04\/Centro-de-estetica.webp?resize=656%2C398&#038;ssl=1\" alt=\"\" class=\"wp-image-5600 size-full\"\/><\/figure><div class=\"wp-block-media-text__content\">\n<p class=\"has-text-align-center has-vivid-cyan-blue-color has-text-color has-link-color has-medium-font-size wp-elements-5d6303a834b9ea05ef3b1a696807910a\"><strong><a href=\"https:\/\/www.facebook.com\/profile.php?id=100052510196289&amp;__cft__%5b0%5d=AZWTRBrkYSmILGKg720HfV-lnlnfKxbFOTudAU-5qvnCjbHVPtrnIez1mVEpAYaEJMO3mVsjmvwAifj1umcrijmsSn_thFcEGQtXk_ukmEWb4ZzLOTpbY9Nm7ZWfwHSMW7aEGNy-j5I0A7hf6VNdUnPzCqhH2oiCPzLkDH46N93dWgNwKYqlQjk0i9rWEOPqr8clfrsU8Oln4rYu_UX3YZ3p&amp;__tn__=-UC%2CP-R\" target=\"_blank\" rel=\"noreferrer noopener\"><em>Centro de est\u00e9tica Silvia di Benedetto<\/em><\/a><\/strong><\/p>\n\n\n\n<p><strong>Amplia Trayectoria, Calidad y Experiencia.<\/strong><\/p>\n\n\n\n<p><strong>Tratamientos Faciales y Corporales, Aparatolog\u00eda<\/strong><\/p>\n\n\n\n<p><strong>Te Esperamos en Avda. Mattaldi 998, Bella Vista<\/strong><\/p>\n\n\n\n<div class=\"wp-block-jetpack-send-a-message\">\n<div class=\"wp-block-jetpack-whatsapp-button alignleft is-color-dark\"><a class=\"whatsapp-block__button\" href=\"https:\/\/api.whatsapp.com\/send?phone=541137868503&amp;text=Hola%2C%20tengo%20tu%20informaci%C3%B3n%20de%20WhatsApp%20de%20tu%20web.\" style=\"background-color:#25D366;color:#fff\" target=\"_self\" rel=\"noopener noreferrer\">Solicita tu Turno Ac\u00e1<\/a><\/div>\n<\/div>\n<\/div><\/div>\n\n\n\n<ul class=\"wp-block-social-links alignright has-visible-labels is-horizontal is-content-justification-center is-layout-flex wp-container-core-social-links-is-layout-499968f5 wp-block-social-links-is-layout-flex\"><li class=\"wp-social-link wp-social-link-facebook  wp-block-social-link\"><a rel=\"noopener nofollow\" target=\"_blank\" href=\"https:\/\/www.facebook.com\/profile.php?id=100052510196289\" class=\"wp-block-social-link-anchor\"><svg width=\"24\" height=\"24\" viewBox=\"0 0 24 24\" version=\"1.1\" xmlns=\"http:\/\/www.w3.org\/2000\/svg\" aria-hidden=\"true\" focusable=\"false\"><path d=\"M12 2C6.5 2 2 6.5 2 12c0 5 3.7 9.1 8.4 9.9v-7H7.9V12h2.5V9.8c0-2.5 1.5-3.9 3.8-3.9 1.1 0 2.2.2 2.2.2v2.5h-1.3c-1.2 0-1.6.8-1.6 1.6V12h2.8l-.4 2.9h-2.3v7C18.3 21.1 22 17 22 12c0-5.5-4.5-10-10-10z\"><\/path><\/svg><span class=\"wp-block-social-link-label\">Facebook<\/span><\/a><\/li><\/ul>\n\n\n\n<p><\/p>\n","protected":false},"excerpt":{"rendered":"","protected":false},"author":1,"featured_media":0,"parent":4897,"menu_order":0,"comment_status":"closed","ping_status":"closed","template":"","meta":{"_eb_attr":"","advanced_seo_description":"","jetpack_seo_html_title":"","jetpack_seo_noindex":false,"h5ap_radio_sources":[],"_joinchat":[],"footnotes":""},"class_list":["post-4960","page","type-page","status-publish","hentry"],"jetpack_sharing_enabled":true,"jetpack-related-posts":[{"id":4857,"url":"https:\/\/radiobellavista.com.ar\/index.php\/comercios\/","url_meta":{"origin":4960,"position":0},"title":"Comunidad RadioBellaVista.","author":"Administrador","date":"31 de julio de 2024","format":false,"excerpt":"RadioBellaVista con motivo de ayudar a nuestra comunidad generamos este Espacio. Si sos due\u00f1o de un Comercio.Podes darte de alta enviando un WhatsApp con tus datos al 11 3805-2424 Centro de est\u00e9tica Silvia di Benedetto masajes descontracturantes, relajantes, dermopigmentacion en cejas ojos y labios. Avenida Mattaldi 998 , Bella Vista\u2026","rel":"","context":"Entrada similar","block_context":{"text":"Entrada similar","link":""},"img":{"alt_text":"","src":"https:\/\/i0.wp.com\/radiobellavista.com.ar\/wp-content\/uploads\/2024\/07\/pao-sublimacion.png?resize=350%2C200&ssl=1","width":350,"height":200,"srcset":"https:\/\/i0.wp.com\/radiobellavista.com.ar\/wp-content\/uploads\/2024\/07\/pao-sublimacion.png?resize=350%2C200&ssl=1 1x, https:\/\/i0.wp.com\/radiobellavista.com.ar\/wp-content\/uploads\/2024\/07\/pao-sublimacion.png?resize=525%2C300&ssl=1 1.5x, https:\/\/i0.wp.com\/radiobellavista.com.ar\/wp-content\/uploads\/2024\/07\/pao-sublimacion.png?resize=700%2C400&ssl=1 2x, https:\/\/i0.wp.com\/radiobellavista.com.ar\/wp-content\/uploads\/2024\/07\/pao-sublimacion.png?resize=1050%2C600&ssl=1 3x"},"classes":[]},{"id":58,"url":"https:\/\/radiobellavista.com.ar\/index.php\/radio-2\/auspiciantes\/","url_meta":{"origin":4960,"position":1},"title":"Auspiciantes","author":"Administrador","date":"11 de agosto de 2020","format":false,"excerpt":"Kiosco el AbueloDirecci\u00f3n: Cuenca 3047Villa Del Parque CABA Est\u00e9tica: Silvia Di BenedettoAv. Mattaldi 998 Bella VistaProvincia de Buenos AiresTel\u00e9fono: \u00a0\u00a0 011 4666-5744","rel":"","context":"Entrada similar","block_context":{"text":"Entrada similar","link":""},"img":{"alt_text":"","src":"https:\/\/i0.wp.com\/radiobellavista.com.ar\/wp-content\/uploads\/2024\/10\/kiosko-el-abuelo.jpg?resize=350%2C200&ssl=1","width":350,"height":200,"srcset":"https:\/\/i0.wp.com\/radiobellavista.com.ar\/wp-content\/uploads\/2024\/10\/kiosko-el-abuelo.jpg?resize=350%2C200&ssl=1 1x, https:\/\/i0.wp.com\/radiobellavista.com.ar\/wp-content\/uploads\/2024\/10\/kiosko-el-abuelo.jpg?resize=525%2C300&ssl=1 1.5x, https:\/\/i0.wp.com\/radiobellavista.com.ar\/wp-content\/uploads\/2024\/10\/kiosko-el-abuelo.jpg?resize=700%2C400&ssl=1 2x, https:\/\/i0.wp.com\/radiobellavista.com.ar\/wp-content\/uploads\/2024\/10\/kiosko-el-abuelo.jpg?resize=1050%2C600&ssl=1 3x"},"classes":[]},{"id":4339,"url":"https:\/\/radiobellavista.com.ar\/index.php\/salud\/centros-de-atencion-especializada\/","url_meta":{"origin":4960,"position":2},"title":"Centros de Atenci\u00f3n Especializada","author":"Administrador","date":"7 de abril de 2024","format":false,"excerpt":"Centro Odontol\u00f3gico \u2013 CAPS M. AntoniazziIrigoin 4410 Barrio Sarmiento6091-7100 int 4814 Hospital Oftalmol\u00f3gico \u2013 Odontol\u00f3gico Central de San MiguelAv. Pte. Per\u00f3n 403 esq. Alberdi Mu\u00f1iz4664-0658 (Odontolog\u00eda) 4664-0371 (Oftalmolog\u00eda)De Lun a vier 08 a 16 hs Hospital Oftalmol\u00f3gico Municipal Mons. BarbichMTRO. FERREYRA 1791 ESQ ESPA\u00d1A Parque la Gloria4465-5552De Lun a vier\u2026","rel":"","context":"Entrada similar","block_context":{"text":"Entrada similar","link":""},"img":{"alt_text":"","src":"","width":0,"height":0},"classes":[]},{"id":4345,"url":"https:\/\/radiobellavista.com.ar\/index.php\/salud\/centros-de-atencion-primaria\/","url_meta":{"origin":4960,"position":3},"title":"Centros de Atenci\u00f3n Primaria","author":"Administrador","date":"7 de abril de 2024","format":false,"excerpt":"20 de JulioALVEAR 1889 El Colibr\u00ed6091-7100 int 4802De lunes a viernes 08 a 14 hs 29 de SeptiembreArricau y Cruz del sur Sta. Br\u00edgida6091-7100 int 4803De lunes a viernes 08 a 16 hs Ana Teresa Barthalot (BV Norte)SCOTT 771 ESQ. MISIONES Bella Vista6091-7100 int 4804De Lunes a viernes 08 a\u2026","rel":"","context":"Entrada similar","block_context":{"text":"Entrada similar","link":""},"img":{"alt_text":"","src":"","width":0,"height":0},"classes":[]},{"id":4420,"url":"https:\/\/radiobellavista.com.ar\/index.php\/telefonos-utiles\/policia-bonaerense\/hurlingham\/","url_meta":{"origin":4960,"position":4},"title":"HURLINGHAM","author":"Administrador","date":"7 de abril de 2024","format":false,"excerpt":"DEPENDENCIATEL\u00c9FONODIRECCI\u00d3NComisar\u00eda Hurlingham 1\u00b0 (Centro)\u00a0\u00a0011 - 46623333\/ 44528370Victoria N\u00b0 1321HurlinghamComisar\u00eda Hurlingham 2\u00b0\u00a0\u00a0011 - 44591910\/ 44596142\/ 44505192Vergara N\u00b0 2350Villa Tesei, HurlinghamComisar\u00eda Hurlingham 3\u00b0\u00a0\u00a0011 - 46658402Potos\u00ed N\u00b0 3490William C. Morris, HurlinghamComisar\u00eda Hurlingham 4\u00b0 (V. Mitre)\u00a0011 - 44598286\/ \u00a08226Langara y LebensohnVilla Tesei, Hurlingham","rel":"","context":"Entrada similar","block_context":{"text":"Entrada similar","link":""},"img":{"alt_text":"","src":"","width":0,"height":0},"classes":[]},{"id":4412,"url":"https:\/\/radiobellavista.com.ar\/index.php\/telefonos-utiles\/policia-bonaerense\/moron\/","url_meta":{"origin":4960,"position":5},"title":"MOR\u00d3N","author":"Administrador","date":"7 de abril de 2024","format":false,"excerpt":"DEPENDENCIATEL\u00c9FONODIRECCI\u00d3NComisar\u00eda Mor\u00f3n 1\u00b0 (Centro)\u00a0\u00a0011 - 46293333\/ 44893869Bartolom\u00e9 Mitre N\u00b0 939Mor\u00f3n\u00a0Comisar\u00eda Mor\u00f3n 2\u00b0\u00a0011 - 46594444\/ 3333Tacuar\u00ed N\u00b0 690Haedo, Mor\u00f3n\u00a0Norte, Mor\u00f3n\u00a0Comisar\u00eda Mor\u00f3n 3\u00b0\u00a0\u00a0011 - 46293344\/ \u00a04444Libertador N\u00b0 654 y RochaCastelar Sur, Mor\u00f3nComisar\u00eda Mor\u00f3n 4\u00b0\u00a0\u00a0011 - 46972944\/ \u00a06531Felipe Vallese N\u00b0 1079 y Avda. Eva Per\u00f3nGervasio Pav\u00f3n, Mor\u00f3nComisar\u00eda Mor\u00f3n 5\u00b0\u00a0\u00a0011 - 46580130\/ 46549841\/ 46560550\u00a0Tres\u2026","rel":"","context":"Entrada similar","block_context":{"text":"Entrada similar","link":""},"img":{"alt_text":"","src":"","width":0,"height":0},"classes":[]}],"jetpack_shortlink":"https:\/\/wp.me\/Pgv48F-1i0","_links":{"self":[{"href":"https:\/\/radiobellavista.com.ar\/index.php\/wp-json\/wp\/v2\/pages\/4960","targetHints":{"allow":["GET"]}}],"collection":[{"href":"https:\/\/radiobellavista.com.ar\/index.php\/wp-json\/wp\/v2\/pages"}],"about":[{"href":"https:\/\/radiobellavista.com.ar\/index.php\/wp-json\/wp\/v2\/types\/page"}],"author":[{"embeddable":true,"href":"https:\/\/radiobellavista.com.ar\/index.php\/wp-json\/wp\/v2\/users\/1"}],"replies":[{"embeddable":true,"href":"https:\/\/radiobellavista.com.ar\/index.php\/wp-json\/wp\/v2\/comments?post=4960"}],"version-history":[{"count":1,"href":"https:\/\/radiobellavista.com.ar\/index.php\/wp-json\/wp\/v2\/pages\/4960\/revisions"}],"predecessor-version":[{"id":5603,"href":"https:\/\/radiobellavista.com.ar\/index.php\/wp-json\/wp\/v2\/pages\/4960\/revisions\/5603"}],"up":[{"embeddable":true,"href":"https:\/\/radiobellavista.com.ar\/index.php\/wp-json\/wp\/v2\/pages\/4897"}],"wp:attachment":[{"href":"https:\/\/radiobellavista.com.ar\/index.php\/wp-json\/wp\/v2\/media?parent=4960"}],"curies":[{"name":"wp","href":"https:\/\/api.w.org\/{rel}","templated":true}]}}