{"id":4997,"date":"2024-08-02T00:44:42","date_gmt":"2024-08-01T22:44:42","guid":{"rendered":"https:\/\/radiobellavista.ar\/?page_id=4997"},"modified":"2024-08-02T00:44:42","modified_gmt":"2024-08-01T22:44:42","slug":"apoyo-escolar","status":"publish","type":"page","link":"https:\/\/radiobellavista.com.ar\/index.php\/comunidad-bvta\/apoyo-escolar\/","title":{"rendered":"Apoyo Escolar"},"content":{"rendered":"\n<div class=\"wp-block-media-text is-stacked-on-mobile\" style=\"grid-template-columns:37% auto\"><figure class=\"wp-block-media-text__media\"><img data-recalc-dims=\"1\" loading=\"lazy\" decoding=\"async\" width=\"656\" height=\"929\" data-attachment-id=\"4998\" data-permalink=\"https:\/\/radiobellavista.com.ar\/index.php\/comunidad-bvta\/apoyo-escolar\/elian\/\" data-orig-file=\"https:\/\/i0.wp.com\/radiobellavista.com.ar\/wp-content\/uploads\/2024\/08\/elian.jpg?fit=904%2C1280&amp;ssl=1\" data-orig-size=\"904,1280\" data-comments-opened=\"1\" data-image-meta=\"{&quot;aperture&quot;:&quot;0&quot;,&quot;credit&quot;:&quot;&quot;,&quot;camera&quot;:&quot;&quot;,&quot;caption&quot;:&quot;&quot;,&quot;created_timestamp&quot;:&quot;0&quot;,&quot;copyright&quot;:&quot;&quot;,&quot;focal_length&quot;:&quot;0&quot;,&quot;iso&quot;:&quot;0&quot;,&quot;shutter_speed&quot;:&quot;0&quot;,&quot;title&quot;:&quot;&quot;,&quot;orientation&quot;:&quot;0&quot;}\" data-image-title=\"elian\" data-image-description=\"\" data-image-caption=\"\" data-medium-file=\"https:\/\/i0.wp.com\/radiobellavista.com.ar\/wp-content\/uploads\/2024\/08\/elian.jpg?fit=212%2C300&amp;ssl=1\" data-large-file=\"https:\/\/i0.wp.com\/radiobellavista.com.ar\/wp-content\/uploads\/2024\/08\/elian.jpg?fit=656%2C929&amp;ssl=1\" src=\"https:\/\/i0.wp.com\/radiobellavista.com.ar\/wp-content\/uploads\/2024\/08\/elian.jpg?resize=656%2C929&#038;ssl=1\" alt=\"\" class=\"wp-image-4998 size-full\"\/><\/figure><div class=\"wp-block-media-text__content\">\n<p class=\"has-text-align-center has-vivid-red-color has-text-color has-link-color has-large-font-size wp-elements-9648ac6ab0801759a6a525db09f83a6b\">NOW OPEN<\/p>\n\n\n\n<p><strong><em>Necesit\u00e1s ayuda para aprender ingl\u00e9s, completar tareas escolares, rendir un examen? . Comun\u00edcate a mi celular que se encuentra en la publicidad. Apoyo escolar para idioma ingl\u00e9s en nivel primario y secundario. Clases presenciales o virtuales<\/em><\/strong><\/p>\n<\/div><\/div>\n\n\n\n<div class=\"wp-block-jetpack-send-a-message\">\n<div class=\"wp-block-jetpack-whatsapp-button aligncenter is-color-dark\"><a class=\"whatsapp-block__button\" href=\"https:\/\/api.whatsapp.com\/send?phone=541173620241&amp;text=Hola%2C%20tengo%20tu%20informaci%C3%B3n%20de%20WhatsApp%20de%20tu%20web.\" style=\"background-color:#25D366;color:#fff\" target=\"_blank\" rel=\"noopener noreferrer\"><em>Hace tu Consulta<\/em> Ac\u00e1<\/a><\/div>\n<\/div>\n\n\n\n<p><\/p>\n","protected":false},"excerpt":{"rendered":"<p>NOW OPEN Necesit\u00e1s ayuda para aprender ingl\u00e9s, completar tareas escolares, rendir un examen? . Comun\u00edcate a mi celular que se encuentra en la publicidad. Apoyo escolar para idioma ingl\u00e9s en nivel primario y secundario. Clases presenciales o virtuales<\/p>\n","protected":false},"author":1,"featured_media":0,"parent":4897,"menu_order":0,"comment_status":"closed","ping_status":"closed","template":"","meta":{"_eb_attr":"","advanced_seo_description":"","jetpack_seo_html_title":"","jetpack_seo_noindex":false,"h5ap_radio_sources":[],"_joinchat":[],"footnotes":""},"class_list":["post-4997","page","type-page","status-publish","hentry"],"jetpack_sharing_enabled":true,"jetpack-related-posts":[{"id":4775,"url":"https:\/\/radiobellavista.com.ar\/index.php\/salud\/calendario-de-vacunacion\/","url_meta":{"origin":4997,"position":0},"title":"Calendario de Vacunaci\u00f3n","author":"Administrador","date":"19 de junio de 2024","format":false,"excerpt":"Edad Vacuna Reci\u00e9n nacido BCG \u00danica dosis (A) Reci\u00e9n nacido HB \u00danica dosis (B) 2 Meses Neumococo conjugada 1\u00b0 dosis 2 Meses Pentavalente DTP-Hib-HB 1\u00b0 dosis 2 Meses Polio IPV 1\u00b0 dosis 2 Meses Rotavirus 1\u00b0 dosis (D) 3 Meses Meningococo 1\u00b0 dosis 4 Meses Neumococo conjugada 2\u00b0 dosis 4\u2026","rel":"","context":"Entrada similar","block_context":{"text":"Entrada similar","link":""},"img":{"alt_text":"","src":"","width":0,"height":0},"classes":[]},{"id":3065,"url":"https:\/\/radiobellavista.com.ar\/index.php\/noticias\/todas-las-noticias\/","url_meta":{"origin":4997,"position":1},"title":"Todas las Noticias","author":"Administrador","date":"8 de noviembre de 2021","format":false,"excerpt":"Todas las Noticicias","rel":"","context":"Entrada similar","block_context":{"text":"Entrada similar","link":""},"img":{"alt_text":"","src":"https:\/\/i0.wp.com\/radiobellavista.com.ar\/wp-content\/uploads\/2024\/10\/telam.jpeg?resize=350%2C200","width":350,"height":200},"classes":[]},{"id":4897,"url":"https:\/\/radiobellavista.com.ar\/index.php\/comunidad-bvta\/","url_meta":{"origin":4997,"position":2},"title":"Comunidad RadioBellaVista","author":"Administrador","date":"1 de agosto de 2024","format":false,"excerpt":"Con el objetivo de apoyar a nuestra comunidad, hemos creado Este Espacio gratuito para promocionar comercios, pymes, talleres de artesanos y otros negocios locales. Para acceder, simplemente env\u00eda un mensaje de WhatsApp al 11-3805-2424. Solo necesitas agregar un logo y una breve descripci\u00f3n de tus servicios o productos. Esperamos que\u2026","rel":"","context":"Entrada similar","block_context":{"text":"Entrada similar","link":""},"img":{"alt_text":"","src":"https:\/\/i0.wp.com\/radiobellavista.com.ar\/wp-content\/uploads\/2024\/08\/logo-radio-1.png?resize=350%2C200","width":350,"height":200},"classes":[]}],"jetpack_shortlink":"https:\/\/wp.me\/Pgv48F-1iB","_links":{"self":[{"href":"https:\/\/radiobellavista.com.ar\/index.php\/wp-json\/wp\/v2\/pages\/4997","targetHints":{"allow":["GET"]}}],"collection":[{"href":"https:\/\/radiobellavista.com.ar\/index.php\/wp-json\/wp\/v2\/pages"}],"about":[{"href":"https:\/\/radiobellavista.com.ar\/index.php\/wp-json\/wp\/v2\/types\/page"}],"author":[{"embeddable":true,"href":"https:\/\/radiobellavista.com.ar\/index.php\/wp-json\/wp\/v2\/users\/1"}],"replies":[{"embeddable":true,"href":"https:\/\/radiobellavista.com.ar\/index.php\/wp-json\/wp\/v2\/comments?post=4997"}],"version-history":[{"count":0,"href":"https:\/\/radiobellavista.com.ar\/index.php\/wp-json\/wp\/v2\/pages\/4997\/revisions"}],"up":[{"embeddable":true,"href":"https:\/\/radiobellavista.com.ar\/index.php\/wp-json\/wp\/v2\/pages\/4897"}],"wp:attachment":[{"href":"https:\/\/radiobellavista.com.ar\/index.php\/wp-json\/wp\/v2\/media?parent=4997"}],"curies":[{"name":"wp","href":"https:\/\/api.w.org\/{rel}","templated":true}]}}