{"id":5316,"date":"2025-01-25T13:12:32","date_gmt":"2025-01-25T16:12:32","guid":{"rendered":"https:\/\/radiobellavista.ar\/?page_id=5316"},"modified":"2025-01-25T13:12:32","modified_gmt":"2025-01-25T16:12:32","slug":"prana-y-armonia","status":"publish","type":"page","link":"https:\/\/radiobellavista.com.ar\/index.php\/podcast\/prana-y-armonia\/","title":{"rendered":"Prana Y Armonia"},"content":{"rendered":"\n<div class=\"wp-block-media-text is-stacked-on-mobile\" style=\"grid-template-columns:26% auto\"><figure class=\"wp-block-media-text__media\"><img data-recalc-dims=\"1\" loading=\"lazy\" decoding=\"async\" width=\"416\" height=\"398\" data-attachment-id=\"5391\" data-permalink=\"https:\/\/radiobellavista.com.ar\/index.php\/podcast\/prana-y-armonia\/logo-espacio-holistico-prana\/\" data-orig-file=\"https:\/\/i0.wp.com\/radiobellavista.com.ar\/wp-content\/uploads\/2025\/02\/logo-Espacio-Holistico-Prana.png?fit=416%2C398&amp;ssl=1\" data-orig-size=\"416,398\" data-comments-opened=\"1\" data-image-meta=\"{&quot;aperture&quot;:&quot;0&quot;,&quot;credit&quot;:&quot;&quot;,&quot;camera&quot;:&quot;&quot;,&quot;caption&quot;:&quot;&quot;,&quot;created_timestamp&quot;:&quot;0&quot;,&quot;copyright&quot;:&quot;&quot;,&quot;focal_length&quot;:&quot;0&quot;,&quot;iso&quot;:&quot;0&quot;,&quot;shutter_speed&quot;:&quot;0&quot;,&quot;title&quot;:&quot;&quot;,&quot;orientation&quot;:&quot;0&quot;}\" data-image-title=\"logo Espacio Holistico Prana\" data-image-description=\"\" data-image-caption=\"\" data-medium-file=\"https:\/\/i0.wp.com\/radiobellavista.com.ar\/wp-content\/uploads\/2025\/02\/logo-Espacio-Holistico-Prana.png?fit=300%2C287&amp;ssl=1\" data-large-file=\"https:\/\/i0.wp.com\/radiobellavista.com.ar\/wp-content\/uploads\/2025\/02\/logo-Espacio-Holistico-Prana.png?fit=416%2C398&amp;ssl=1\" src=\"https:\/\/i0.wp.com\/radiobellavista.com.ar\/wp-content\/uploads\/2025\/02\/logo-Espacio-Holistico-Prana.png?resize=416%2C398&#038;ssl=1\" alt=\"\" class=\"wp-image-5391 size-full\"\/><\/figure><div class=\"wp-block-media-text__content\">\n<p>Es un espacio que se dise\u00f1a para que las personas que lo visitan se sientan c\u00f3modas, tranquilas y saludables. El dise\u00f1o hol\u00edstico considera el espacio como un todo, no solo su aspecto visual, sino tambi\u00e9n c\u00f3mo afecta las emociones, la mente y el cuerpo<\/p>\n\n\n\n<p><\/p>\n<\/div><\/div>\n\n\n\n<hr class=\"wp-block-separator has-alpha-channel-opacity is-style-wide\"\/>\n\n\n\n<p class=\"has-vivid-red-color has-text-color has-link-color has-medium-font-size wp-elements-48e34bf4e8829edde0077d3edf4ef705\"><strong><em>Entrevistas <\/em><\/strong><\/p>\n\n\n\n<figure class=\"wp-block-audio\"><audio controls src=\"https:\/\/radiobellavista.ar\/Podcast\/PraNa%20Y%20Armonia\/Entrevistas\/Entrevista%20a%20Liliana%20Gonzales%20.mp4\"><\/audio><figcaption class=\"wp-element-caption\"><strong><em><mark style=\"background-color:rgba(0, 0, 0, 0)\" class=\"has-inline-color has-vivid-red-color\">Liliana Gonzales  25-01-2025<\/mark><\/em><\/strong><\/figcaption><\/figure>\n\n\n\n<hr class=\"wp-block-separator has-alpha-channel-opacity is-style-wide\"\/>\n\n\n\n<p class=\"has-vivid-cyan-blue-color has-text-color has-link-color has-medium-font-size wp-elements-5ac80ecf1203587d0620220355716cf5\"><strong><em><mark style=\"background-color:rgba(0, 0, 0, 0)\" class=\"has-inline-color has-vivid-cyan-blue-color\">Reflexiones  <\/mark><\/em><\/strong><\/p>\n\n\n\n<figure class=\"wp-block-audio\"><audio controls src=\"https:\/\/radiobellavista.ar\/Podcast\/PraNa%20Y%20Armonia\/Reflexiones\/Evangelina%20Prana%20y%20Armonia.mp4\"><\/audio><figcaption class=\"wp-element-caption\"><strong><strong><em><mark style=\"background-color:rgba(0, 0, 0, 0)\" class=\"has-inline-color has-vivid-cyan-blue-color\">26-01-2025<\/mark><\/em><\/strong><\/strong><\/figcaption><\/figure>\n\n\n\n<figure class=\"wp-block-audio\"><audio controls src=\"https:\/\/radiobellavista.ar\/Podcast\/PraNa%20Y%20Armonia\/Reflexiones\/9.2.25%20-%20Reflexion%20del%20Domingo%20.mp3\"><\/audio><figcaption class=\"wp-element-caption\"><strong><mark style=\"background-color:rgba(0, 0, 0, 0);color:#069cf3\" class=\"has-inline-color\"><em>09-02-2025<\/em><\/mark><\/strong><\/figcaption><\/figure>\n\n\n\n<figure class=\"wp-block-audio\"><audio controls src=\"https:\/\/radiobellavista.ar\/Podcast\/PraNa%20Y%20Armonia\/Reflexiones\/Reflexinon%2023-2-25.mp3\"><\/audio><figcaption class=\"wp-element-caption\"><strong><mark style=\"background-color:rgba(0, 0, 0, 0)\" class=\"has-inline-color has-vivid-cyan-blue-color\">23-02-2025<\/mark><\/strong><\/figcaption><\/figure>\n\n\n\n<figure class=\"wp-block-audio\"><audio controls src=\"https:\/\/radiobellavista.ar\/Podcast\/PraNa%20Y%20Armonia\/Reflexiones\/La%20Paciencia.mp4\"><\/audio><figcaption class=\"wp-element-caption\"><strong><mark style=\"background-color:rgba(0, 0, 0, 0)\" class=\"has-inline-color has-vivid-cyan-blue-color\">09-03-2025<\/mark><\/strong><\/figcaption><\/figure>\n\n\n\n<hr class=\"wp-block-separator has-alpha-channel-opacity is-style-wide\"\/>\n\n\n\n<p><\/p>\n","protected":false},"excerpt":{"rendered":"<p>Es un espacio que se dise\u00f1a para que las personas que lo visitan se sientan c\u00f3modas, tranquilas y saludables. El dise\u00f1o hol\u00edstico considera el espacio como un todo, no solo su aspecto visual, sino tambi\u00e9n c\u00f3mo afecta las emociones, la mente y el cuerpo Entrevistas Reflexiones<\/p>\n","protected":false},"author":1,"featured_media":0,"parent":5052,"menu_order":0,"comment_status":"closed","ping_status":"closed","template":"","meta":{"_eb_attr":"","advanced_seo_description":"","jetpack_seo_html_title":"","jetpack_seo_noindex":false,"h5ap_radio_sources":[],"_joinchat":[],"footnotes":""},"class_list":["post-5316","page","type-page","status-publish","hentry"],"jetpack_sharing_enabled":true,"jetpack-related-posts":[{"id":4897,"url":"https:\/\/radiobellavista.com.ar\/index.php\/comunidad-bvta\/","url_meta":{"origin":5316,"position":0},"title":"Comunidad RadioBellaVista","author":"Administrador","date":"1 de agosto de 2024","format":false,"excerpt":"Con el objetivo de apoyar a nuestra comunidad, hemos creado Este Espacio gratuito para promocionar comercios, pymes, talleres de artesanos y otros negocios locales. Para acceder, simplemente env\u00eda un mensaje de WhatsApp al 11-3805-2424. Solo necesitas agregar un logo y una breve descripci\u00f3n de tus servicios o productos. Esperamos que\u2026","rel":"","context":"Entrada similar","block_context":{"text":"Entrada similar","link":""},"img":{"alt_text":"","src":"https:\/\/i0.wp.com\/radiobellavista.com.ar\/wp-content\/uploads\/2024\/08\/logo-radio-1.png?resize=350%2C200","width":350,"height":200},"classes":[]},{"id":4857,"url":"https:\/\/radiobellavista.com.ar\/index.php\/comercios\/","url_meta":{"origin":5316,"position":1},"title":"Comunidad RadioBellaVista.","author":"Administrador","date":"31 de julio de 2024","format":false,"excerpt":"RadioBellaVista con motivo de ayudar a nuestra comunidad generamos este Espacio. Si sos due\u00f1o de un Comercio.Podes darte de alta enviando un WhatsApp con tus datos al 11 3805-2424 Centro de est\u00e9tica Silvia di Benedetto masajes descontracturantes, relajantes, dermopigmentacion en cejas ojos y labios. Avenida Mattaldi 998 , Bella Vista\u2026","rel":"","context":"Entrada similar","block_context":{"text":"Entrada similar","link":""},"img":{"alt_text":"","src":"https:\/\/i0.wp.com\/radiobellavista.com.ar\/wp-content\/uploads\/2024\/07\/pao-sublimacion.png?resize=350%2C200&ssl=1","width":350,"height":200,"srcset":"https:\/\/i0.wp.com\/radiobellavista.com.ar\/wp-content\/uploads\/2024\/07\/pao-sublimacion.png?resize=350%2C200&ssl=1 1x, https:\/\/i0.wp.com\/radiobellavista.com.ar\/wp-content\/uploads\/2024\/07\/pao-sublimacion.png?resize=525%2C300&ssl=1 1.5x, https:\/\/i0.wp.com\/radiobellavista.com.ar\/wp-content\/uploads\/2024\/07\/pao-sublimacion.png?resize=700%2C400&ssl=1 2x, https:\/\/i0.wp.com\/radiobellavista.com.ar\/wp-content\/uploads\/2024\/07\/pao-sublimacion.png?resize=1050%2C600&ssl=1 3x"},"classes":[]}],"jetpack_shortlink":"https:\/\/wp.me\/Pgv48F-1nK","_links":{"self":[{"href":"https:\/\/radiobellavista.com.ar\/index.php\/wp-json\/wp\/v2\/pages\/5316","targetHints":{"allow":["GET"]}}],"collection":[{"href":"https:\/\/radiobellavista.com.ar\/index.php\/wp-json\/wp\/v2\/pages"}],"about":[{"href":"https:\/\/radiobellavista.com.ar\/index.php\/wp-json\/wp\/v2\/types\/page"}],"author":[{"embeddable":true,"href":"https:\/\/radiobellavista.com.ar\/index.php\/wp-json\/wp\/v2\/users\/1"}],"replies":[{"embeddable":true,"href":"https:\/\/radiobellavista.com.ar\/index.php\/wp-json\/wp\/v2\/comments?post=5316"}],"version-history":[{"count":0,"href":"https:\/\/radiobellavista.com.ar\/index.php\/wp-json\/wp\/v2\/pages\/5316\/revisions"}],"up":[{"embeddable":true,"href":"https:\/\/radiobellavista.com.ar\/index.php\/wp-json\/wp\/v2\/pages\/5052"}],"wp:attachment":[{"href":"https:\/\/radiobellavista.com.ar\/index.php\/wp-json\/wp\/v2\/media?parent=5316"}],"curies":[{"name":"wp","href":"https:\/\/api.w.org\/{rel}","templated":true}]}}