{"id":5340,"date":"2025-02-02T00:54:29","date_gmt":"2025-02-02T03:54:29","guid":{"rendered":"https:\/\/radiobellavista.ar\/?page_id=5340"},"modified":"2025-02-02T00:54:29","modified_gmt":"2025-02-02T03:54:29","slug":"doble-o-nada","status":"publish","type":"page","link":"https:\/\/radiobellavista.com.ar\/index.php\/podcast\/doble-o-nada\/","title":{"rendered":"Doble o Nada"},"content":{"rendered":"\n<figure class=\"wp-block-gallery has-nested-images columns-default is-cropped wp-block-gallery-1 is-layout-flex wp-block-gallery-is-layout-flex\">\n<figure class=\"wp-block-image size-large\"><img data-recalc-dims=\"1\" loading=\"lazy\" decoding=\"async\" width=\"270\" height=\"148\" data-attachment-id=\"5374\" data-permalink=\"https:\/\/radiobellavista.com.ar\/index.php\/podcast\/doble-o-nada\/en-construccion-2\/\" data-orig-file=\"https:\/\/i0.wp.com\/radiobellavista.com.ar\/wp-content\/uploads\/2025\/02\/en-construccion.jpeg?fit=270%2C148&amp;ssl=1\" data-orig-size=\"270,148\" data-comments-opened=\"1\" data-image-meta=\"{&quot;aperture&quot;:&quot;0&quot;,&quot;credit&quot;:&quot;&quot;,&quot;camera&quot;:&quot;&quot;,&quot;caption&quot;:&quot;&quot;,&quot;created_timestamp&quot;:&quot;0&quot;,&quot;copyright&quot;:&quot;&quot;,&quot;focal_length&quot;:&quot;0&quot;,&quot;iso&quot;:&quot;0&quot;,&quot;shutter_speed&quot;:&quot;0&quot;,&quot;title&quot;:&quot;&quot;,&quot;orientation&quot;:&quot;0&quot;}\" data-image-title=\"en construccion\" data-image-description=\"\" data-image-caption=\"\" data-medium-file=\"https:\/\/i0.wp.com\/radiobellavista.com.ar\/wp-content\/uploads\/2025\/02\/en-construccion.jpeg?fit=270%2C148&amp;ssl=1\" data-large-file=\"https:\/\/i0.wp.com\/radiobellavista.com.ar\/wp-content\/uploads\/2025\/02\/en-construccion.jpeg?fit=270%2C148&amp;ssl=1\" data-id=\"5374\" src=\"https:\/\/i0.wp.com\/radiobellavista.com.ar\/wp-content\/uploads\/2025\/02\/en-construccion.jpeg?resize=270%2C148&#038;ssl=1\" alt=\"\" class=\"wp-image-5374\"\/><\/figure>\n<\/figure>\n\n\n\n<p><\/p>\n\n\n\n<p><\/p>\n","protected":false},"excerpt":{"rendered":"","protected":false},"author":1,"featured_media":0,"parent":5052,"menu_order":0,"comment_status":"closed","ping_status":"closed","template":"","meta":{"_eb_attr":"","advanced_seo_description":"","jetpack_seo_html_title":"","jetpack_seo_noindex":false,"h5ap_radio_sources":[],"_joinchat":[],"footnotes":""},"class_list":["post-5340","page","type-page","status-publish","hentry"],"jetpack_sharing_enabled":true,"jetpack-related-posts":[{"id":4775,"url":"https:\/\/radiobellavista.com.ar\/index.php\/salud\/calendario-de-vacunacion\/","url_meta":{"origin":5340,"position":0},"title":"Calendario de Vacunaci\u00f3n","author":"Administrador","date":"19 de junio de 2024","format":false,"excerpt":"Edad Vacuna Reci\u00e9n nacido BCG \u00danica dosis (A) Reci\u00e9n nacido HB \u00danica dosis (B) 2 Meses Neumococo conjugada 1\u00b0 dosis 2 Meses Pentavalente DTP-Hib-HB 1\u00b0 dosis 2 Meses Polio IPV 1\u00b0 dosis 2 Meses Rotavirus 1\u00b0 dosis (D) 3 Meses Meningococo 1\u00b0 dosis 4 Meses Neumococo conjugada 2\u00b0 dosis 4\u2026","rel":"","context":"Entrada similar","block_context":{"text":"Entrada similar","link":""},"img":{"alt_text":"","src":"","width":0,"height":0},"classes":[]}],"jetpack_shortlink":"https:\/\/wp.me\/Pgv48F-1o8","_links":{"self":[{"href":"https:\/\/radiobellavista.com.ar\/index.php\/wp-json\/wp\/v2\/pages\/5340","targetHints":{"allow":["GET"]}}],"collection":[{"href":"https:\/\/radiobellavista.com.ar\/index.php\/wp-json\/wp\/v2\/pages"}],"about":[{"href":"https:\/\/radiobellavista.com.ar\/index.php\/wp-json\/wp\/v2\/types\/page"}],"author":[{"embeddable":true,"href":"https:\/\/radiobellavista.com.ar\/index.php\/wp-json\/wp\/v2\/users\/1"}],"replies":[{"embeddable":true,"href":"https:\/\/radiobellavista.com.ar\/index.php\/wp-json\/wp\/v2\/comments?post=5340"}],"version-history":[{"count":0,"href":"https:\/\/radiobellavista.com.ar\/index.php\/wp-json\/wp\/v2\/pages\/5340\/revisions"}],"up":[{"embeddable":true,"href":"https:\/\/radiobellavista.com.ar\/index.php\/wp-json\/wp\/v2\/pages\/5052"}],"wp:attachment":[{"href":"https:\/\/radiobellavista.com.ar\/index.php\/wp-json\/wp\/v2\/media?parent=5340"}],"curies":[{"name":"wp","href":"https:\/\/api.w.org\/{rel}","templated":true}]}}